{"id":3342,"date":"2023-06-14T20:21:01","date_gmt":"2023-06-14T20:21:01","guid":{"rendered":"http:\/\/viaemilia9.com\/via-emilia-9-dichiarazione-di-accessibilita\/"},"modified":"2024-11-04T05:06:10","modified_gmt":"2024-11-04T05:06:10","slug":"via-emilia-9-dichiarazione-di-accessibilita","status":"publish","type":"page","link":"https:\/\/viaemilia9.com\/it\/via-emilia-9-dichiarazione-di-accessibilita\/","title":{"rendered":"Via Emilia 9 Dichiarazione di Accessibilit\u00e0"},"content":{"rendered":"\t\t<div data-elementor-type=\"wp-page\" data-elementor-id=\"3342\" class=\"elementor elementor-3342 elementor-1460\">\n\t\t\t\t<div class=\"elementor-element elementor-element-6940a3f e-flex e-con-boxed e-con e-parent\" data-id=\"6940a3f\" data-element_type=\"container\" data-settings=\"{&quot;grandrestaurant_ext_is_background_parallax&quot;:&quot;false&quot;,&quot;grandrestaurant_ext_is_background_backdrop&quot;:&quot;false&quot;,&quot;grandrestaurant_ext_is_background_on_scroll&quot;:&quot;false&quot;,&quot;grandrestaurant_ext_link_reservation&quot;:&quot;false&quot;,&quot;grandrestaurant_ext_link_sidemenu&quot;:&quot;false&quot;,&quot;grandrestaurant_ext_link_fullmenu&quot;:&quot;false&quot;,&quot;grandrestaurant_ext_link_closed_fullmenu&quot;:&quot;false&quot;,&quot;grandrestaurant_ext_is_scrollme&quot;:&quot;false&quot;,&quot;grandrestaurant_ext_is_smoove&quot;:&quot;false&quot;,&quot;grandrestaurant_ext_is_parallax_mouse&quot;:&quot;false&quot;,&quot;grandrestaurant_ext_is_infinite&quot;:&quot;false&quot;,&quot;grandrestaurant_ext_is_fadeout_animation&quot;:&quot;false&quot;,&quot;grandrestaurant_ext_mobile_static&quot;:&quot;false&quot;}\">\n\t\t\t\t\t<div class=\"e-con-inner\">\n\t\t\t\t<div class=\"elementor-element elementor-element-47b9abd elementor-widget elementor-widget-heading\" data-id=\"47b9abd\" data-element_type=\"widget\" data-settings=\"{&quot;grandrestaurant_ext_link_reservation&quot;:&quot;false&quot;,&quot;grandrestaurant_ext_link_sidemenu&quot;:&quot;false&quot;,&quot;grandrestaurant_ext_link_fullmenu&quot;:&quot;false&quot;,&quot;grandrestaurant_ext_link_closed_fullmenu&quot;:&quot;false&quot;,&quot;grandrestaurant_ext_is_scrollme&quot;:&quot;false&quot;,&quot;grandrestaurant_ext_is_smoove&quot;:&quot;false&quot;,&quot;grandrestaurant_ext_is_parallax_mouse&quot;:&quot;false&quot;,&quot;grandrestaurant_ext_is_infinite&quot;:&quot;false&quot;,&quot;grandrestaurant_ext_is_fadeout_animation&quot;:&quot;false&quot;,&quot;grandrestaurant_ext_mobile_static&quot;:&quot;false&quot;}\" data-widget_type=\"heading.default\">\n\t\t\t\t<div class=\"elementor-widget-container\">\n\t\t\t\t\t<h1 class=\"elementor-heading-title elementor-size-default\">Dichiarazione di accessibilit\u00e0<\/h1>\t\t\t\t<\/div>\n\t\t\t\t<\/div>\n\t\t\t\t<div class=\"elementor-element elementor-element-1b56b54 elementor-widget elementor-widget-heading\" data-id=\"1b56b54\" data-element_type=\"widget\" data-settings=\"{&quot;grandrestaurant_ext_link_reservation&quot;:&quot;false&quot;,&quot;grandrestaurant_ext_link_sidemenu&quot;:&quot;false&quot;,&quot;grandrestaurant_ext_link_fullmenu&quot;:&quot;false&quot;,&quot;grandrestaurant_ext_link_closed_fullmenu&quot;:&quot;false&quot;,&quot;grandrestaurant_ext_is_scrollme&quot;:&quot;false&quot;,&quot;grandrestaurant_ext_is_smoove&quot;:&quot;false&quot;,&quot;grandrestaurant_ext_is_parallax_mouse&quot;:&quot;false&quot;,&quot;grandrestaurant_ext_is_infinite&quot;:&quot;false&quot;,&quot;grandrestaurant_ext_is_fadeout_animation&quot;:&quot;false&quot;,&quot;grandrestaurant_ext_mobile_static&quot;:&quot;false&quot;}\" data-widget_type=\"heading.default\">\n\t\t\t\t<div class=\"elementor-widget-container\">\n\t\t\t\t\t<h2 class=\"elementor-heading-title elementor-size-default\">Aggiornato: Ottobre 2024.<\/h2>\t\t\t\t<\/div>\n\t\t\t\t<\/div>\n\t\t\t\t<div class=\"elementor-element elementor-element-c10c36a elementor-widget-divider--view-line elementor-widget elementor-widget-divider\" data-id=\"c10c36a\" data-element_type=\"widget\" data-settings=\"{&quot;grandrestaurant_ext_link_reservation&quot;:&quot;false&quot;,&quot;grandrestaurant_ext_link_sidemenu&quot;:&quot;false&quot;,&quot;grandrestaurant_ext_link_fullmenu&quot;:&quot;false&quot;,&quot;grandrestaurant_ext_link_closed_fullmenu&quot;:&quot;false&quot;,&quot;grandrestaurant_ext_is_scrollme&quot;:&quot;false&quot;,&quot;grandrestaurant_ext_is_smoove&quot;:&quot;false&quot;,&quot;grandrestaurant_ext_is_parallax_mouse&quot;:&quot;false&quot;,&quot;grandrestaurant_ext_is_infinite&quot;:&quot;false&quot;,&quot;grandrestaurant_ext_is_fadeout_animation&quot;:&quot;false&quot;,&quot;grandrestaurant_ext_mobile_static&quot;:&quot;false&quot;}\" data-widget_type=\"divider.default\">\n\t\t\t\t<div class=\"elementor-widget-container\">\n\t\t\t\t\t\t\t<div class=\"elementor-divider\">\n\t\t\t<span class=\"elementor-divider-separator\">\n\t\t\t\t\t\t<\/span>\n\t\t<\/div>\n\t\t\t\t\t\t<\/div>\n\t\t\t\t<\/div>\n\t\t\t\t<div class=\"elementor-element elementor-element-fad3bf9 elementor-widget elementor-widget-heading\" data-id=\"fad3bf9\" data-element_type=\"widget\" data-settings=\"{&quot;grandrestaurant_ext_link_reservation&quot;:&quot;false&quot;,&quot;grandrestaurant_ext_link_sidemenu&quot;:&quot;false&quot;,&quot;grandrestaurant_ext_link_fullmenu&quot;:&quot;false&quot;,&quot;grandrestaurant_ext_link_closed_fullmenu&quot;:&quot;false&quot;,&quot;grandrestaurant_ext_is_scrollme&quot;:&quot;false&quot;,&quot;grandrestaurant_ext_is_smoove&quot;:&quot;false&quot;,&quot;grandrestaurant_ext_is_parallax_mouse&quot;:&quot;false&quot;,&quot;grandrestaurant_ext_is_infinite&quot;:&quot;false&quot;,&quot;grandrestaurant_ext_is_fadeout_animation&quot;:&quot;false&quot;,&quot;grandrestaurant_ext_mobile_static&quot;:&quot;false&quot;}\" data-widget_type=\"heading.default\">\n\t\t\t\t<div class=\"elementor-widget-container\">\n\t\t\t\t\t<h2 class=\"elementor-heading-title elementor-size-default\">GENERALE<\/h2>\t\t\t\t<\/div>\n\t\t\t\t<\/div>\n\t\t\t\t<div class=\"elementor-element elementor-element-2868c10 elementor-widget elementor-widget-text-editor\" data-id=\"2868c10\" data-element_type=\"widget\" data-settings=\"{&quot;grandrestaurant_ext_link_reservation&quot;:&quot;false&quot;,&quot;grandrestaurant_ext_link_sidemenu&quot;:&quot;false&quot;,&quot;grandrestaurant_ext_link_fullmenu&quot;:&quot;false&quot;,&quot;grandrestaurant_ext_link_closed_fullmenu&quot;:&quot;false&quot;,&quot;grandrestaurant_ext_is_scrollme&quot;:&quot;false&quot;,&quot;grandrestaurant_ext_is_smoove&quot;:&quot;false&quot;,&quot;grandrestaurant_ext_is_parallax_mouse&quot;:&quot;false&quot;,&quot;grandrestaurant_ext_is_infinite&quot;:&quot;false&quot;,&quot;grandrestaurant_ext_is_fadeout_animation&quot;:&quot;false&quot;,&quot;grandrestaurant_ext_mobile_static&quot;:&quot;false&quot;}\" data-widget_type=\"text-editor.default\">\n\t\t\t\t<div class=\"elementor-widget-container\">\n\t\t\t\t\t\t\t\t\t<p>La presente Dichiarazione di Accessibilit\u00e0 si applica a: <span class=\"website\">emiliabeppa.com<\/span><\/p>\n\t\t\t\t\t\t\t\t<\/div>\n\t\t\t\t<\/div>\n\t\t\t\t<div class=\"elementor-element elementor-element-09d374d elementor-widget__width-inherit elementor-widget elementor-widget-text-editor\" data-id=\"09d374d\" data-element_type=\"widget\" data-settings=\"{&quot;grandrestaurant_ext_link_reservation&quot;:&quot;false&quot;,&quot;grandrestaurant_ext_link_sidemenu&quot;:&quot;false&quot;,&quot;grandrestaurant_ext_link_fullmenu&quot;:&quot;false&quot;,&quot;grandrestaurant_ext_link_closed_fullmenu&quot;:&quot;false&quot;,&quot;grandrestaurant_ext_is_scrollme&quot;:&quot;false&quot;,&quot;grandrestaurant_ext_is_smoove&quot;:&quot;false&quot;,&quot;grandrestaurant_ext_is_parallax_mouse&quot;:&quot;false&quot;,&quot;grandrestaurant_ext_is_infinite&quot;:&quot;false&quot;,&quot;grandrestaurant_ext_is_fadeout_animation&quot;:&quot;false&quot;,&quot;grandrestaurant_ext_mobile_static&quot;:&quot;false&quot;}\" data-widget_type=\"text-editor.default\">\n\t\t\t\t<div class=\"elementor-widget-container\">\n\t\t\t\t\t\t\t\t\t<p><strong>Diamo valore all&#8217;inclusione digitale<\/strong><\/p>\n<section>\n<p data-i18n=\"[html]as-paragraph-1\">Questo sito web \u00e8 monitorato e testato da <a href=\"https:\/\/www.audioeye.com\/\" target=\"_blank\" rel=\"noopener\">AudioEye<\/a>, un fornitore terzo di test e monitoraggio dell&#8217;accessibilit\u00e0 web. I risultati dei test automatici sono riportati da AudioEye nel portale di <span class=\"website\">emiliabeppa.com<\/span>. Inoltre, nella misura in cui <span class=\"website\">emiliabeppa.com<\/span> si avvale di AudioEye per la revisione da parte di esperti, la correzione e il test degli utenti da parte di persone con disabilit\u00e0, AudioEye pone rimedio ai problemi riscontrati o fornisce un Source Feedback Report (SFR) per <span class=\"website\">emiliabeppa.com<\/span> per correggere il problema. Infine, AudioEye migliora e perfeziona continuamente le soluzioni esistenti.   <\/p>\n<\/section>\n<section><img decoding=\"async\" class=\"alignleft\" src=\"https:\/\/portal.audioeye.com\/AudioEye-Trusted-Horizontal.svg\" alt=\"AudioEye affidabile\" width=\"183\" height=\"98\" aria-label=\"AudioEye Trusted\" data-i18n=\"[aria-label]accessibility-statement\"><\/section>\n\t\t\t\t\t\t\t\t<\/div>\n\t\t\t\t<\/div>\n\t\t\t\t<div class=\"elementor-element elementor-element-a91e72c elementor-widget elementor-widget-text-editor\" data-id=\"a91e72c\" data-element_type=\"widget\" data-settings=\"{&quot;grandrestaurant_ext_link_reservation&quot;:&quot;false&quot;,&quot;grandrestaurant_ext_link_sidemenu&quot;:&quot;false&quot;,&quot;grandrestaurant_ext_link_fullmenu&quot;:&quot;false&quot;,&quot;grandrestaurant_ext_link_closed_fullmenu&quot;:&quot;false&quot;,&quot;grandrestaurant_ext_is_scrollme&quot;:&quot;false&quot;,&quot;grandrestaurant_ext_is_smoove&quot;:&quot;false&quot;,&quot;grandrestaurant_ext_is_parallax_mouse&quot;:&quot;false&quot;,&quot;grandrestaurant_ext_is_infinite&quot;:&quot;false&quot;,&quot;grandrestaurant_ext_is_fadeout_animation&quot;:&quot;false&quot;,&quot;grandrestaurant_ext_mobile_static&quot;:&quot;false&quot;}\" data-widget_type=\"text-editor.default\">\n\t\t\t\t<div class=\"elementor-widget-container\">\n\t\t\t\t\t\t\t\t\t<p><strong>Certificazione AudioEye Trusted<\/strong><\/p>\n<p data-i18n=\"as-paragraph-2\">Il sigillo di certificazione AudioEye Trusted rappresenta un impegno per l&#8217;accessibilit\u00e0 e l&#8217;inclusione digitale. Il processo di certificazione AudioEye prevede la revisione automatica e, se applicabile, la correzione da parte di esperti e il test degli utenti per aumentare la conformit\u00e0 con le linee guida per l&#8217;accessibilit\u00e0 dei contenuti web (WCAG) 2.2, criteri di successo di livello AA. AudioEye ed <span class=\"website\">emiliabeppa.com<\/span> continuano a collaborare per mantenere la conformit\u00e0 con i criteri di successo e fornire un&#8217;esperienza utente accessibile a tutti i visitatori del sito web.  <\/p>\n<p><strong data-i18n=\"as-paragraph-3\">AudioEye certifica che <span class=\"website\">emiliabeppa.com<\/span> ha incaricato AudioEye di aiutare <span class=\"website\">emiliabeppa.com<\/span> a conformarsi alle WCAG 2.2 Livello, AA Criteri di successo.<\/strong><\/p>\n<p data-i18n=\"[html]as-paragraph-4\">Per testare le sue soluzioni, AudioEye utilizza i seguenti browser e tecnologie assistive basate sul web:<\/p>\n<p data-i18n=\"as-paragraph-5\">La versione pi\u00f9 recente e le due immediatamente precedenti di qualsiasi browser web desktop conforme agli standard che rappresenti una quota di mercato superiore al 5%.<\/p>\n<p data-i18n=\"as-paragraph-6\">Tecnologie assistive basate sul web, come lettori di schermo (ad esempio JAWS, NVDA e VoiceOver), ingrandimento, dettatura vocale e navigazione con la sola tastiera, in genere preferite dalla comunit\u00e0 dei disabili.<\/p>\n<p data-i18n=\"as-paragraph-6\">\n\t\t\t\t\t\t\t\t<\/div>\n\t\t\t\t<\/div>\n\t\t\t\t<div class=\"elementor-element elementor-element-7303e10 elementor-widget elementor-widget-text-editor\" data-id=\"7303e10\" data-element_type=\"widget\" data-settings=\"{&quot;grandrestaurant_ext_link_reservation&quot;:&quot;false&quot;,&quot;grandrestaurant_ext_link_sidemenu&quot;:&quot;false&quot;,&quot;grandrestaurant_ext_link_fullmenu&quot;:&quot;false&quot;,&quot;grandrestaurant_ext_link_closed_fullmenu&quot;:&quot;false&quot;,&quot;grandrestaurant_ext_is_scrollme&quot;:&quot;false&quot;,&quot;grandrestaurant_ext_is_smoove&quot;:&quot;false&quot;,&quot;grandrestaurant_ext_is_parallax_mouse&quot;:&quot;false&quot;,&quot;grandrestaurant_ext_is_infinite&quot;:&quot;false&quot;,&quot;grandrestaurant_ext_is_fadeout_animation&quot;:&quot;false&quot;,&quot;grandrestaurant_ext_mobile_static&quot;:&quot;false&quot;}\" data-widget_type=\"text-editor.default\">\n\t\t\t\t<div class=\"elementor-widget-container\">\n\t\t\t\t\t\t\t\t\t<p data-i18n=\"accessibility-guidelines\"><strong>Linee guida per l&#8217;accessibilit\u00e0 del web<\/strong><\/p>\n<p>Consulta le informazioni sulla <a href=\"https:\/\/www.w3.org\/TR\/WCAG21\/\" target=\"_blank\" rel=\"noopener\">conformit\u00e0 alle WCAG<\/a>.<\/p>\n<p class=\"brand\" data-i18n=\"[html]as-paragraph-8\">Migliorare l&#8217;esperienza utente per tutti<\/p>\n<p data-i18n=\"[html]as-paragraph-9\"><a href=\"http:\/\/viaemilia9.com\/\"><span class=\"website\">emiliabeppa.com<\/span><\/a> ha utilizzato le Linee Guida per l&#8217;Accessibilit\u00e0 dei Contenuti Web (WCAG) 2.2 come riferimento per garantire che i contenuti web resi disponibili da questo sito siano pi\u00f9 accessibili alle persone con disabilit\u00e0 e di facile utilizzo per tutti.<\/p>\n<p data-i18n=\"[html]as-paragraph-9\">Queste best practice riconosciute a livello mondiale (come raccomandato dal World Wide Web Consortium) consistono in tre livelli di misurazione dell&#8217;accessibilit\u00e0 (A, AA e AAA).<\/p>\n<p data-i18n=\"[html]as-paragraph-9\">AudioEye fa riferimento al livello AA di queste linee guida per garantire l&#8217;accessibilit\u00e0.<\/p>\n<p><strong data-i18n=\"related-links\">Link correlati<\/strong><\/p>\n<p><a href=\"https:\/\/www.w3.org\/WAI\/\" target=\"_blank\" rel=\"noopener noreferrer\" data-i18n=\"accessibility-initiative\">Iniziativa per l&#8217;accessibilit\u00e0 del web (WAI)<\/a><\/p>\n\t\t\t\t\t\t\t\t<\/div>\n\t\t\t\t<\/div>\n\t\t\t\t<div class=\"elementor-element elementor-element-ecaabe3 elementor-widget elementor-widget-text-editor\" data-id=\"ecaabe3\" data-element_type=\"widget\" data-settings=\"{&quot;grandrestaurant_ext_link_reservation&quot;:&quot;false&quot;,&quot;grandrestaurant_ext_link_sidemenu&quot;:&quot;false&quot;,&quot;grandrestaurant_ext_link_fullmenu&quot;:&quot;false&quot;,&quot;grandrestaurant_ext_link_closed_fullmenu&quot;:&quot;false&quot;,&quot;grandrestaurant_ext_is_scrollme&quot;:&quot;false&quot;,&quot;grandrestaurant_ext_is_smoove&quot;:&quot;false&quot;,&quot;grandrestaurant_ext_is_parallax_mouse&quot;:&quot;false&quot;,&quot;grandrestaurant_ext_is_infinite&quot;:&quot;false&quot;,&quot;grandrestaurant_ext_is_fadeout_animation&quot;:&quot;false&quot;,&quot;grandrestaurant_ext_mobile_static&quot;:&quot;false&quot;}\" data-widget_type=\"text-editor.default\">\n\t\t\t\t<div class=\"elementor-widget-container\">\n\t\t\t\t\t\t\t\t\t<p><strong>Il kit di strumenti visivi<\/strong><\/p>\n<section>\n<p class=\"brand\" data-i18n=\"as-paragraph-11\">Fornire agli utenti un&#8217;utilit\u00e0 assistiva personalizzabile.<\/p>\n<p data-i18n=\"[html]as-paragraph-12\">Oltre alle tecniche e alle strategie sopra menzionate, e dato che non tutti i visitatori del sito web hanno accesso a strumenti di assistenza come i lettori di schermo, abbiamo messo a disposizione uno strumento complementare di personalizzazione del sito web, il Visual Toolkit, che consente ai visitatori del sito web di personalizzare la loro esperienza d&#8217;uso.<\/p>\n<p>Se il Visual Toolkit non \u00e8 abilitato per impostazione predefinita, gli utenti possono attivarlo selezionando il pulsante Attiva Toolkit qui sotto. Una volta attivata, l&#8217;icona dell&#8217;accessibilit\u00e0 dovrebbe essere visibile su qualsiasi pagina di questo sito web. Gli utenti possono quindi utilizzare il toolkit interagendo con l&#8217;icona dell&#8217;accessibilit\u00e0.  <\/p>\n<p><button id=\"audioeye_activate_btn\" class=\"primary-button\" type=\"button\" data-ae-cta-optin-button=\"true\" data-ae-cta-opted-in-copy=\"Deactivate AudioEye Toolbar\" data-ae-cta-opted-out-copy=\"Activate AudioEye Toolbar\" data-i18n=\"[data-ae-cta-opted-out-copy]activate-ae-toolbar;[data-ae-cta-opted-in-copy]deactivate-ae-toolbar;activate-ae-toolbar\">Attiva il kit di strumenti visivi<\/button><\/p>\n<\/section>\n<section>\n<h3><strong data-i18n=\"features\">Caratteristiche principali di AudioEye Visual Toolkit<\/strong><\/h3>\n<p class=\"feature\"><strong data-i18n=\"visual-toolkit\">Il kit di strumenti visivi<\/strong><\/p>\n<p><span data-i18n=\"customize-toolkit\">Il Visual Toolkit pu\u00f2 essere utilizzato per personalizzare la visualizzazione del sito web.<\/span><\/p>\n<p class=\"feature\"><strong data-i18n=\"page-elements-navigation\">Elementi della pagina Navigazione<\/strong><\/p>\n<p><span data-i18n=\"navigate-easily\">Gli utenti possono navigare facilmente in qualsiasi pagina in base agli elementi o alla gerarchia dei contenuti.<\/span><\/p>\n<p class=\"feature\"><strong data-i18n=\"audioeye-help-desk\">Help Desk AudioEye<\/strong><\/p>\n<p><span data-i18n=\"report-accessibility\">Gli utenti possono segnalare problemi di accessibilit\u00e0 e usabilit\u00e0.<\/span><\/p>\n<\/section>\n<section>\n<h3><strong data-i18n=\"third-party\">Siti di terze parti<\/strong><\/h3>\n<section>\n<p class=\"feature\"><strong data-i18n=\"audioeye-help-desk\">Help Desk AudioEye<\/strong><\/p>\n<p><span data-i18n=\"report-accessibility\">Gli utenti possono segnalare problemi di accessibilit\u00e0 e usabilit\u00e0.<\/span><\/section>\n<section>\n<h3><strong data-i18n=\"third-party\">Siti di terze parti<\/strong><\/h3>\n<p data-i18n=\"[html]as-paragraph-13\">In questo sito web, possiamo utilizzare diversi siti web di terze parti come Facebook, Google Maps, X (precedentemente noto come Twitter), LinkedIn, Instagram e YouTube per diffondere notizie e informazioni sui prodotti e servizi di <span class=\"website\">emiliabeppa.com<\/span>. Questi siti web, che non sono controllati da <span class=\"website\">emiliabeppa.com<\/span>, possono presentare problemi per le persone con disabilit\u00e0 che non siamo in grado di controllare o risolvere. <\/p>\n<p>Come reso pubblicamente disponibile, ecco le Politiche di Accessibilit\u00e0 fornite da questi siti web di terze parti:<\/p>\n<div><a href=\"https:\/\/www.facebook.com\/help\/141636465971794\/\" target=\"_blank\" rel=\"noopener noreferrer\" data-i18n=\"facebook-policy\">Politica di accessibilit\u00e0 di Facebook<\/a><\/div>\n<div><a href=\"https:\/\/support.google.com\/maps\/answer\/6396990\" target=\"_blank\" rel=\"noopener noreferrer\" data-i18n=\"google-maps-policy\">Politica di accessibilit\u00e0 di Google Maps<\/a><\/div>\n<div><a href=\"https:\/\/help.x.com\/en\/resources\/accessibility\" target=\"_blank\" rel=\"noopener noreferrer\" data-i18n=\"twitter-policy\">X (precedentemente noto come Twitter) Politica sull&#8217;accessibilit\u00e0<\/a><\/div>\n<div><a href=\"https:\/\/www.linkedin.com\/accessibility\" target=\"_blank\" rel=\"noopener noreferrer\" data-i18n=\"linkedin-policy\">Politica di accessibilit\u00e0 di LinkedIn<\/a><\/div>\n<div><a href=\"https:\/\/help.instagram.com\/1178723545597542\" target=\"_blank\" rel=\"noopener noreferrer\" data-i18n=\"instagram-policy\">Politica di accessibilit\u00e0 di Instagram<\/a><\/div>\n<div><a href=\"https:\/\/support.google.com\/youtube\/answer\/189278\" target=\"_blank\" rel=\"noopener noreferrer\" data-i18n=\"youtube-policy\">Politica di accessibilit\u00e0 di YouTube<\/a><\/div>\n<\/section>\n<p>Come reso pubblicamente disponibile, ecco le Politiche di Accessibilit\u00e0 fornite da questi siti web di terze parti:<\/p>\n<\/section>\n<p>Se hai difficolt\u00e0 con i contenuti di <a title=\"http:\/\/viaemilia9.com\" href=\"http:\/\/viaemilia9.com\">http:\/\/viaemilia9.com<\/a> o hai bisogno di assistenza per qualsiasi parte del nostro sito, contattaci durante i normali orari di lavoro come indicato di seguito e saremo lieti di aiutarti.<\/p>\n\t\t\t\t\t\t\t\t<\/div>\n\t\t\t\t<\/div>\n\t\t\t\t<div class=\"elementor-element elementor-element-d6669a3 elementor-widget__width-inherit elementor-widget elementor-widget-text-editor\" data-id=\"d6669a3\" data-element_type=\"widget\" data-settings=\"{&quot;grandrestaurant_ext_link_reservation&quot;:&quot;false&quot;,&quot;grandrestaurant_ext_link_sidemenu&quot;:&quot;false&quot;,&quot;grandrestaurant_ext_link_fullmenu&quot;:&quot;false&quot;,&quot;grandrestaurant_ext_link_closed_fullmenu&quot;:&quot;false&quot;,&quot;grandrestaurant_ext_is_scrollme&quot;:&quot;false&quot;,&quot;grandrestaurant_ext_is_smoove&quot;:&quot;false&quot;,&quot;grandrestaurant_ext_is_parallax_mouse&quot;:&quot;false&quot;,&quot;grandrestaurant_ext_is_infinite&quot;:&quot;false&quot;,&quot;grandrestaurant_ext_is_fadeout_animation&quot;:&quot;false&quot;,&quot;grandrestaurant_ext_mobile_static&quot;:&quot;false&quot;}\" data-widget_type=\"text-editor.default\">\n\t\t\t\t<div class=\"elementor-widget-container\">\n\t\t\t\t\t\t\t\t\t<p><strong>Contattaci<\/strong><\/p>\n<p>Se desideri segnalare un problema di accessibilit\u00e0, hai domande o hai bisogno di assistenza, contatta l&#8217;assistenza clienti di Via Emilia 9 come segues:<\/p>\n\t\t\t\t\t\t\t\t<\/div>\n\t\t\t\t<\/div>\n\t\t\t\t<div class=\"elementor-element elementor-element-1d3e63e elementor-widget__width-inherit elementor-widget elementor-widget-text-editor\" data-id=\"1d3e63e\" data-element_type=\"widget\" data-settings=\"{&quot;grandrestaurant_ext_link_reservation&quot;:&quot;false&quot;,&quot;grandrestaurant_ext_link_sidemenu&quot;:&quot;false&quot;,&quot;grandrestaurant_ext_link_fullmenu&quot;:&quot;false&quot;,&quot;grandrestaurant_ext_link_closed_fullmenu&quot;:&quot;false&quot;,&quot;grandrestaurant_ext_is_scrollme&quot;:&quot;false&quot;,&quot;grandrestaurant_ext_is_smoove&quot;:&quot;false&quot;,&quot;grandrestaurant_ext_is_parallax_mouse&quot;:&quot;false&quot;,&quot;grandrestaurant_ext_is_infinite&quot;:&quot;false&quot;,&quot;grandrestaurant_ext_is_fadeout_animation&quot;:&quot;false&quot;,&quot;grandrestaurant_ext_mobile_static&quot;:&quot;false&quot;}\" data-widget_type=\"text-editor.default\">\n\t\t\t\t<div class=\"elementor-widget-container\">\n\t\t\t\t\t\t\t\t\t<p><strong>Email:<\/strong> daniela@viaemilia9.com<\/p>\n<p><strong>Phone:<\/strong> +17862167150<\/p>\n\t\t\t\t\t\t\t\t<\/div>\n\t\t\t\t<\/div>\n\t\t\t\t\t<\/div>\n\t\t\t\t<\/div>\n\t\t\t\t<\/div>\n\t\t","protected":false},"excerpt":{"rendered":"<p>Dichiarazione di accessibilit\u00e0 Aggiornato: Ottobre 2024. GENERALE La presente Dichiarazione di Accessibilit\u00e0 si applica a: emiliabeppa.com Diamo valore all&#8217;inclusione digitale Questo sito web \u00e8 monitorato e testato da AudioEye, un fornitore terzo di test e monitoraggio dell&#8217;accessibilit\u00e0 web. I risultati [&hellip;]<\/p>\n","protected":false},"author":1,"featured_media":0,"parent":0,"menu_order":0,"comment_status":"closed","ping_status":"closed","template":"","meta":{"footnotes":""},"class_list":["post-3342","page","type-page","status-publish","hentry"],"aioseo_notices":[],"_links":{"self":[{"href":"https:\/\/viaemilia9.com\/it\/wp-json\/wp\/v2\/pages\/3342","targetHints":{"allow":["GET"]}}],"collection":[{"href":"https:\/\/viaemilia9.com\/it\/wp-json\/wp\/v2\/pages"}],"about":[{"href":"https:\/\/viaemilia9.com\/it\/wp-json\/wp\/v2\/types\/page"}],"author":[{"embeddable":true,"href":"https:\/\/viaemilia9.com\/it\/wp-json\/wp\/v2\/users\/1"}],"replies":[{"embeddable":true,"href":"https:\/\/viaemilia9.com\/it\/wp-json\/wp\/v2\/comments?post=3342"}],"version-history":[{"count":4,"href":"https:\/\/viaemilia9.com\/it\/wp-json\/wp\/v2\/pages\/3342\/revisions"}],"predecessor-version":[{"id":3611,"href":"https:\/\/viaemilia9.com\/it\/wp-json\/wp\/v2\/pages\/3342\/revisions\/3611"}],"wp:attachment":[{"href":"https:\/\/viaemilia9.com\/it\/wp-json\/wp\/v2\/media?parent=3342"}],"curies":[{"name":"wp","href":"https:\/\/api.w.org\/{rel}","templated":true}]}}