{"id":3207,"date":"2020-06-03T20:09:41","date_gmt":"2020-06-03T20:09:41","guid":{"rendered":"http:\/\/viaemilia9.com\/termine-duso\/"},"modified":"2024-09-08T22:37:07","modified_gmt":"2024-09-08T22:37:07","slug":"termine-duso","status":"publish","type":"page","link":"https:\/\/viaemilia9.com\/it\/termine-duso\/","title":{"rendered":"Termine d&#8217;uso"},"content":{"rendered":"\t\t<div data-elementor-type=\"wp-page\" data-elementor-id=\"3207\" class=\"elementor elementor-3207 elementor-103\">\n\t\t\t\t<div class=\"elementor-element elementor-element-c43e490 e-flex e-con-boxed e-con e-parent\" data-id=\"c43e490\" data-element_type=\"container\" data-settings=\"{&quot;grandrestaurant_ext_is_background_parallax&quot;:&quot;false&quot;,&quot;grandrestaurant_ext_is_background_backdrop&quot;:&quot;false&quot;,&quot;grandrestaurant_ext_is_background_on_scroll&quot;:&quot;false&quot;,&quot;grandrestaurant_ext_link_reservation&quot;:&quot;false&quot;,&quot;grandrestaurant_ext_link_sidemenu&quot;:&quot;false&quot;,&quot;grandrestaurant_ext_link_fullmenu&quot;:&quot;false&quot;,&quot;grandrestaurant_ext_link_closed_fullmenu&quot;:&quot;false&quot;,&quot;grandrestaurant_ext_is_scrollme&quot;:&quot;false&quot;,&quot;grandrestaurant_ext_is_smoove&quot;:&quot;false&quot;,&quot;grandrestaurant_ext_is_parallax_mouse&quot;:&quot;false&quot;,&quot;grandrestaurant_ext_is_infinite&quot;:&quot;false&quot;,&quot;grandrestaurant_ext_is_fadeout_animation&quot;:&quot;false&quot;,&quot;grandrestaurant_ext_mobile_static&quot;:&quot;false&quot;}\">\n\t\t\t\t\t<div class=\"e-con-inner\">\n\t\t\t\t<div class=\"elementor-element elementor-element-429eecb elementor-widget elementor-widget-heading\" data-id=\"429eecb\" data-element_type=\"widget\" data-settings=\"{&quot;grandrestaurant_ext_link_reservation&quot;:&quot;false&quot;,&quot;grandrestaurant_ext_link_sidemenu&quot;:&quot;false&quot;,&quot;grandrestaurant_ext_link_fullmenu&quot;:&quot;false&quot;,&quot;grandrestaurant_ext_link_closed_fullmenu&quot;:&quot;false&quot;,&quot;grandrestaurant_ext_is_scrollme&quot;:&quot;false&quot;,&quot;grandrestaurant_ext_is_smoove&quot;:&quot;false&quot;,&quot;grandrestaurant_ext_is_parallax_mouse&quot;:&quot;false&quot;,&quot;grandrestaurant_ext_is_infinite&quot;:&quot;false&quot;,&quot;grandrestaurant_ext_is_fadeout_animation&quot;:&quot;false&quot;,&quot;grandrestaurant_ext_mobile_static&quot;:&quot;false&quot;}\" data-widget_type=\"heading.default\">\n\t\t\t\t<div class=\"elementor-widget-container\">\n\t\t\t\t\t<h2 class=\"elementor-heading-title elementor-size-default\">TERMINI DI UTILIZZO<\/h2>\t\t\t\t<\/div>\n\t\t\t\t<\/div>\n\t\t\t\t<div class=\"elementor-element elementor-element-ef6ab5d elementor-widget elementor-widget-accordion\" data-id=\"ef6ab5d\" data-element_type=\"widget\" data-settings=\"{&quot;grandrestaurant_ext_link_reservation&quot;:&quot;false&quot;,&quot;grandrestaurant_ext_link_sidemenu&quot;:&quot;false&quot;,&quot;grandrestaurant_ext_link_fullmenu&quot;:&quot;false&quot;,&quot;grandrestaurant_ext_link_closed_fullmenu&quot;:&quot;false&quot;,&quot;grandrestaurant_ext_is_scrollme&quot;:&quot;false&quot;,&quot;grandrestaurant_ext_is_smoove&quot;:&quot;false&quot;,&quot;grandrestaurant_ext_is_parallax_mouse&quot;:&quot;false&quot;,&quot;grandrestaurant_ext_is_infinite&quot;:&quot;false&quot;,&quot;grandrestaurant_ext_is_fadeout_animation&quot;:&quot;false&quot;,&quot;grandrestaurant_ext_mobile_static&quot;:&quot;false&quot;}\" data-widget_type=\"accordion.default\">\n\t\t\t\t<div class=\"elementor-widget-container\">\n\t\t\t\t\t\t\t<div class=\"elementor-accordion\">\n\t\t\t\t\t\t\t<div class=\"elementor-accordion-item\">\n\t\t\t\t\t<div id=\"elementor-tab-title-2511\" class=\"elementor-tab-title\" data-tab=\"1\" role=\"button\" aria-controls=\"elementor-tab-content-2511\" aria-expanded=\"false\">\n\t\t\t\t\t\t\t\t\t\t\t\t\t<span class=\"elementor-accordion-icon elementor-accordion-icon-left\" aria-hidden=\"true\">\n\t\t\t\t\t\t\t\t\t\t\t\t\t\t\t<span class=\"elementor-accordion-icon-closed\"><svg class=\"e-font-icon-svg e-fas-plus\" viewBox=\"0 0 448 512\" xmlns=\"http:\/\/www.w3.org\/2000\/svg\"><path d=\"M416 208H272V64c0-17.67-14.33-32-32-32h-32c-17.67 0-32 14.33-32 32v144H32c-17.67 0-32 14.33-32 32v32c0 17.67 14.33 32 32 32h144v144c0 17.67 14.33 32 32 32h32c17.67 0 32-14.33 32-32V304h144c17.67 0 32-14.33 32-32v-32c0-17.67-14.33-32-32-32z\"><\/path><\/svg><\/span>\n\t\t\t\t\t\t\t\t<span class=\"elementor-accordion-icon-opened\"><svg class=\"e-font-icon-svg e-fas-minus\" viewBox=\"0 0 448 512\" xmlns=\"http:\/\/www.w3.org\/2000\/svg\"><path d=\"M416 208H32c-17.67 0-32 14.33-32 32v32c0 17.67 14.33 32 32 32h384c17.67 0 32-14.33 32-32v-32c0-17.67-14.33-32-32-32z\"><\/path><\/svg><\/span>\n\t\t\t\t\t\t\t\t\t\t\t\t\t\t<\/span>\n\t\t\t\t\t\t\t\t\t\t\t\t<a class=\"elementor-accordion-title\" tabindex=\"0\">Accettazione dei Termini d'uso <\/a>\n\t\t\t\t\t<\/div>\n\t\t\t\t\t<div id=\"elementor-tab-content-2511\" class=\"elementor-tab-content elementor-clearfix\" data-tab=\"1\" role=\"region\" aria-labelledby=\"elementor-tab-title-2511\"><p>Le presenti Condizioni d&#8217;uso regolano l&#8217;utilizzo da parte dell&#8217;utente dei contenuti e delle funzioni disponibili attraverso il nome di dominio viaemilia9.com e altri siti web e applicazioni su cui queste condizioni risiedono o da cui sono collegate (collettivamente la &#8220;Piattaforma&#8221;) che sono gestiti da Via Emilia 9 LLC (&#8220;Via Emilia 9&#8221;). Utilizzando, visitando o navigando sulla Piattaforma, accetti e accetti di essere vincolato dalle presenti Condizioni d&#8217;uso. Se non accetti le presenti Condizioni d&#8217;uso, non devi utilizzare la Piattaforma. Le presenti Condizioni d&#8217;uso costituiscono un contratto in corso tra l&#8217;utente e Via Emilia 9 e si applicano all&#8217;utilizzo della Piattaforma Via Emilia 9 da parte dell&#8217;utente.   <\/p>\n<\/div>\n\t\t\t\t<\/div>\n\t\t\t\t\t\t\t<div class=\"elementor-accordion-item\">\n\t\t\t\t\t<div id=\"elementor-tab-title-2512\" class=\"elementor-tab-title\" data-tab=\"2\" role=\"button\" aria-controls=\"elementor-tab-content-2512\" aria-expanded=\"false\">\n\t\t\t\t\t\t\t\t\t\t\t\t\t<span class=\"elementor-accordion-icon elementor-accordion-icon-left\" aria-hidden=\"true\">\n\t\t\t\t\t\t\t\t\t\t\t\t\t\t\t<span class=\"elementor-accordion-icon-closed\"><svg class=\"e-font-icon-svg e-fas-plus\" viewBox=\"0 0 448 512\" xmlns=\"http:\/\/www.w3.org\/2000\/svg\"><path d=\"M416 208H272V64c0-17.67-14.33-32-32-32h-32c-17.67 0-32 14.33-32 32v144H32c-17.67 0-32 14.33-32 32v32c0 17.67 14.33 32 32 32h144v144c0 17.67 14.33 32 32 32h32c17.67 0 32-14.33 32-32V304h144c17.67 0 32-14.33 32-32v-32c0-17.67-14.33-32-32-32z\"><\/path><\/svg><\/span>\n\t\t\t\t\t\t\t\t<span class=\"elementor-accordion-icon-opened\"><svg class=\"e-font-icon-svg e-fas-minus\" viewBox=\"0 0 448 512\" xmlns=\"http:\/\/www.w3.org\/2000\/svg\"><path d=\"M416 208H32c-17.67 0-32 14.33-32 32v32c0 17.67 14.33 32 32 32h384c17.67 0 32-14.33 32-32v-32c0-17.67-14.33-32-32-32z\"><\/path><\/svg><\/span>\n\t\t\t\t\t\t\t\t\t\t\t\t\t\t<\/span>\n\t\t\t\t\t\t\t\t\t\t\t\t<a class=\"elementor-accordion-title\" tabindex=\"0\">Modifiche ai Termini d'uso<\/a>\n\t\t\t\t\t<\/div>\n\t\t\t\t\t<div id=\"elementor-tab-content-2512\" class=\"elementor-tab-content elementor-clearfix\" data-tab=\"2\" role=\"region\" aria-labelledby=\"elementor-tab-title-2512\"><p>Via Emilia 9 si riserva il diritto, di tanto in tanto, con o senza preavviso, di modificare le presenti Condizioni d&#8217;uso a sua esclusiva e assoluta discrezione. La versione pi\u00f9 recente dei Termini d&#8217;uso sostituir\u00e0 tutte le versioni precedenti. L&#8217;utilizzo della Piattaforma Via Emilia 9 dopo l&#8217;introduzione di modifiche implica l&#8217;accettazione di tali modifiche.  <\/p>\n<\/div>\n\t\t\t\t<\/div>\n\t\t\t\t\t\t\t<div class=\"elementor-accordion-item\">\n\t\t\t\t\t<div id=\"elementor-tab-title-2513\" class=\"elementor-tab-title\" data-tab=\"3\" role=\"button\" aria-controls=\"elementor-tab-content-2513\" aria-expanded=\"false\">\n\t\t\t\t\t\t\t\t\t\t\t\t\t<span class=\"elementor-accordion-icon elementor-accordion-icon-left\" aria-hidden=\"true\">\n\t\t\t\t\t\t\t\t\t\t\t\t\t\t\t<span class=\"elementor-accordion-icon-closed\"><svg class=\"e-font-icon-svg e-fas-plus\" viewBox=\"0 0 448 512\" xmlns=\"http:\/\/www.w3.org\/2000\/svg\"><path d=\"M416 208H272V64c0-17.67-14.33-32-32-32h-32c-17.67 0-32 14.33-32 32v144H32c-17.67 0-32 14.33-32 32v32c0 17.67 14.33 32 32 32h144v144c0 17.67 14.33 32 32 32h32c17.67 0 32-14.33 32-32V304h144c17.67 0 32-14.33 32-32v-32c0-17.67-14.33-32-32-32z\"><\/path><\/svg><\/span>\n\t\t\t\t\t\t\t\t<span class=\"elementor-accordion-icon-opened\"><svg class=\"e-font-icon-svg e-fas-minus\" viewBox=\"0 0 448 512\" xmlns=\"http:\/\/www.w3.org\/2000\/svg\"><path d=\"M416 208H32c-17.67 0-32 14.33-32 32v32c0 17.67 14.33 32 32 32h384c17.67 0 32-14.33 32-32v-32c0-17.67-14.33-32-32-32z\"><\/path><\/svg><\/span>\n\t\t\t\t\t\t\t\t\t\t\t\t\t\t<\/span>\n\t\t\t\t\t\t\t\t\t\t\t\t<a class=\"elementor-accordion-title\" tabindex=\"0\">Privacy e informazioni personali <\/a>\n\t\t\t\t\t<\/div>\n\t\t\t\t\t<div id=\"elementor-tab-content-2513\" class=\"elementor-tab-content elementor-clearfix\" data-tab=\"3\" role=\"region\" aria-labelledby=\"elementor-tab-title-2513\"><p>In alcune aree della nostra Piattaforma, potresti avere la possibilit\u00e0 di fornirci informazioni di identificazione personale. Per maggiori informazioni sulle nostre pratiche di raccolta e utilizzo delle informazioni, leggi la nostra Informativa sulla privacy, che si applica alle informazioni inviate dall&#8217;utente su questa Piattaforma. <\/p>\n<\/div>\n\t\t\t\t<\/div>\n\t\t\t\t\t\t\t<div class=\"elementor-accordion-item\">\n\t\t\t\t\t<div id=\"elementor-tab-title-2514\" class=\"elementor-tab-title\" data-tab=\"4\" role=\"button\" aria-controls=\"elementor-tab-content-2514\" aria-expanded=\"false\">\n\t\t\t\t\t\t\t\t\t\t\t\t\t<span class=\"elementor-accordion-icon elementor-accordion-icon-left\" aria-hidden=\"true\">\n\t\t\t\t\t\t\t\t\t\t\t\t\t\t\t<span class=\"elementor-accordion-icon-closed\"><svg class=\"e-font-icon-svg e-fas-plus\" viewBox=\"0 0 448 512\" xmlns=\"http:\/\/www.w3.org\/2000\/svg\"><path d=\"M416 208H272V64c0-17.67-14.33-32-32-32h-32c-17.67 0-32 14.33-32 32v144H32c-17.67 0-32 14.33-32 32v32c0 17.67 14.33 32 32 32h144v144c0 17.67 14.33 32 32 32h32c17.67 0 32-14.33 32-32V304h144c17.67 0 32-14.33 32-32v-32c0-17.67-14.33-32-32-32z\"><\/path><\/svg><\/span>\n\t\t\t\t\t\t\t\t<span class=\"elementor-accordion-icon-opened\"><svg class=\"e-font-icon-svg e-fas-minus\" viewBox=\"0 0 448 512\" xmlns=\"http:\/\/www.w3.org\/2000\/svg\"><path d=\"M416 208H32c-17.67 0-32 14.33-32 32v32c0 17.67 14.33 32 32 32h384c17.67 0 32-14.33 32-32v-32c0-17.67-14.33-32-32-32z\"><\/path><\/svg><\/span>\n\t\t\t\t\t\t\t\t\t\t\t\t\t\t<\/span>\n\t\t\t\t\t\t\t\t\t\t\t\t<a class=\"elementor-accordion-title\" tabindex=\"0\">Contenuti di terze parti<\/a>\n\t\t\t\t\t<\/div>\n\t\t\t\t\t<div id=\"elementor-tab-content-2514\" class=\"elementor-tab-content elementor-clearfix\" data-tab=\"4\" role=\"region\" aria-labelledby=\"elementor-tab-title-2514\"><p>Le presenti Condizioni d&#8217;uso si applicano a tutti gli utenti della Piattaforma, compresi gli utenti che sono anche contributori di contenuti video, informazioni e altri materiali o servizi sulla Piattaforma. La Piattaforma pu\u00f2 contenere link a Piattaforme di terze parti che non sono di propriet\u00e0 o controllate da Via Emilia 9. Via Emilia 9 non ha alcun controllo e non si assume alcuna responsabilit\u00e0 per i contenuti, le politiche sulla privacy o le pratiche di piattaforme di terze parti. Inoltre, Via Emilia 9 non potr\u00e0 censurare o modificare il contenuto di qualsiasi sito di terzi. Utilizzando la Piattaforma, l&#8217;utente solleva espressamente Via Emilia 9 da qualsiasi responsabilit\u00e0 derivante dall&#8217;utilizzo di piattaforme di terzi. Di conseguenza, quando l&#8217;utente lascia la Piattaforma o invia informazioni a una piattaforma di terzi accessibile da questa Piattaforma, si applicheranno i termini e le condizioni e la politica sulla privacy di tale piattaforma.     <\/p>\n<\/div>\n\t\t\t\t<\/div>\n\t\t\t\t\t\t\t<div class=\"elementor-accordion-item\">\n\t\t\t\t\t<div id=\"elementor-tab-title-2515\" class=\"elementor-tab-title\" data-tab=\"5\" role=\"button\" aria-controls=\"elementor-tab-content-2515\" aria-expanded=\"false\">\n\t\t\t\t\t\t\t\t\t\t\t\t\t<span class=\"elementor-accordion-icon elementor-accordion-icon-left\" aria-hidden=\"true\">\n\t\t\t\t\t\t\t\t\t\t\t\t\t\t\t<span class=\"elementor-accordion-icon-closed\"><svg class=\"e-font-icon-svg e-fas-plus\" viewBox=\"0 0 448 512\" xmlns=\"http:\/\/www.w3.org\/2000\/svg\"><path d=\"M416 208H272V64c0-17.67-14.33-32-32-32h-32c-17.67 0-32 14.33-32 32v144H32c-17.67 0-32 14.33-32 32v32c0 17.67 14.33 32 32 32h144v144c0 17.67 14.33 32 32 32h32c17.67 0 32-14.33 32-32V304h144c17.67 0 32-14.33 32-32v-32c0-17.67-14.33-32-32-32z\"><\/path><\/svg><\/span>\n\t\t\t\t\t\t\t\t<span class=\"elementor-accordion-icon-opened\"><svg class=\"e-font-icon-svg e-fas-minus\" viewBox=\"0 0 448 512\" xmlns=\"http:\/\/www.w3.org\/2000\/svg\"><path d=\"M416 208H32c-17.67 0-32 14.33-32 32v32c0 17.67 14.33 32 32 32h384c17.67 0 32-14.33 32-32v-32c0-17.67-14.33-32-32-32z\"><\/path><\/svg><\/span>\n\t\t\t\t\t\t\t\t\t\t\t\t\t\t<\/span>\n\t\t\t\t\t\t\t\t\t\t\t\t<a class=\"elementor-accordion-title\" tabindex=\"0\">Accesso alla piattaforma<\/a>\n\t\t\t\t\t<\/div>\n\t\t\t\t\t<div id=\"elementor-tab-content-2515\" class=\"elementor-tab-content elementor-clearfix\" data-tab=\"5\" role=\"region\" aria-labelledby=\"elementor-tab-title-2515\"><p>Via Emilia 9 concede all&#8217;utente il permesso di utilizzare la Piattaforma secondo quanto stabilito nelle presenti Condizioni d&#8217;uso, a condizione che:<\/p>\n<p>&nbsp;<\/p>\n<ul style=\"padding-left:20px\">\n<li>L&#8217;uso della Piattaforma consentito \u00e8 esclusivamente per uso personale e non commerciale;<\/li>\n<li>L&#8217;utente non potr\u00e0 copiare o distribuire alcuna parte della Piattaforma, compresi i contenuti della Piattaforma forniti da Via Emilia 9 o dai suoi licenziatari, tra cui grafici, immagini, testi, file scaricabili digitalmente, marchi, loghi, nomi di prodotti e programmi o slogan (&#8220;Contenuti di Via Emilia 9&#8221;), su qualsiasi supporto senza la previa autorizzazione scritta di Via Emilia 9;<\/li>\n<li>L&#8217;utente non alterer\u00e0 o modificher\u00e0 alcuna parte della Piattaforma se non nella misura ragionevolmente necessaria per utilizzare la Piattaforma per lo scopo previsto;<\/li>\n<li>L&#8217;utente non utilizzer\u00e0 alcuna funzione di comunicazione elettronica della Piattaforma per scopi illegali, illeciti, abusivi, invasivi della privacy altrui, molesti, calunniosi, diffamatori, imbarazzanti, osceni, minacciosi o odiosi;<\/li>\n<li>L&#8217;utente non potr\u00e0 caricare, pubblicare, riprodurre o distribuire informazioni, software o altro materiale protetto da copyright o da qualsiasi altro diritto di propriet\u00e0 intellettuale (nonch\u00e9 dai diritti di pubblicit\u00e0 e privacy) senza aver prima ottenuto l&#8217;autorizzazione del titolare di tali diritti;<\/li>\n<li>L&#8217;utente non caricher\u00e0, pubblicher\u00e0, invier\u00e0 via e-mail o trasmetter\u00e0 in altro modo materiale pubblicitario o promozionale o qualsiasi altra forma di sollecitazione o comunicazione non autorizzata; inoltre non caricher\u00e0, pubblicher\u00e0, invier\u00e0 via e-mail o trasmetter\u00e0 in altro modo materiale che contenga virus o qualsiasi altro codice informatico, file o programma che possa interrompere, limitare o interferire con la funzionalit\u00e0 di qualsiasi software o hardware informatico o apparecchiatura di telecomunicazione.<\/li>\n<li>L&#8217;utente accetta di non utilizzare o lanciare alcun sistema automatizzato, inclusi, a titolo esemplificativo e non esaustivo, &#8220;robot&#8221;, &#8220;spider&#8221;, &#8220;lettori offline&#8221;, ecc. che acceda alla Piattaforma in modo tale da inviare ai server di Via Emilia 9, in un determinato periodo di tempo, un numero di messaggi di richiesta superiore a quello che un essere umano pu\u00f2 ragionevolmente produrre nello stesso periodo utilizzando un browser web online convenzionale. Nonostante quanto sopra, Via Emilia 9 concede agli operatori dei motori di ricerca pubblici il permesso di utilizzare spider per copiare materiali dal sito al solo scopo di creare indici ricercabili pubblicamente di tali materiali, ma non cache o archivi di tali materiali. <\/li>\n<\/ul>\n<p>&nbsp;<\/p>\n<p>Via Emilia 9 si riserva il diritto di revocare queste eccezioni in generale o in casi specifici. Accetti di non raccogliere o raccogliere informazioni di identificazione personale, compresi i nomi degli account, dalla Piattaforma, n\u00e9 di utilizzare i sistemi di comunicazione forniti dalla Piattaforma per scopi di sollecitazione commerciale. Accetti di non sollecitare, a fini commerciali, gli utenti della Piattaforma in relazione ai loro contributi.  <\/p>\n<\/div>\n\t\t\t\t<\/div>\n\t\t\t\t\t\t\t<div class=\"elementor-accordion-item\">\n\t\t\t\t\t<div id=\"elementor-tab-title-2516\" class=\"elementor-tab-title\" data-tab=\"6\" role=\"button\" aria-controls=\"elementor-tab-content-2516\" aria-expanded=\"false\">\n\t\t\t\t\t\t\t\t\t\t\t\t\t<span class=\"elementor-accordion-icon elementor-accordion-icon-left\" aria-hidden=\"true\">\n\t\t\t\t\t\t\t\t\t\t\t\t\t\t\t<span class=\"elementor-accordion-icon-closed\"><svg class=\"e-font-icon-svg e-fas-plus\" viewBox=\"0 0 448 512\" xmlns=\"http:\/\/www.w3.org\/2000\/svg\"><path d=\"M416 208H272V64c0-17.67-14.33-32-32-32h-32c-17.67 0-32 14.33-32 32v144H32c-17.67 0-32 14.33-32 32v32c0 17.67 14.33 32 32 32h144v144c0 17.67 14.33 32 32 32h32c17.67 0 32-14.33 32-32V304h144c17.67 0 32-14.33 32-32v-32c0-17.67-14.33-32-32-32z\"><\/path><\/svg><\/span>\n\t\t\t\t\t\t\t\t<span class=\"elementor-accordion-icon-opened\"><svg class=\"e-font-icon-svg e-fas-minus\" viewBox=\"0 0 448 512\" xmlns=\"http:\/\/www.w3.org\/2000\/svg\"><path d=\"M416 208H32c-17.67 0-32 14.33-32 32v32c0 17.67 14.33 32 32 32h384c17.67 0 32-14.33 32-32v-32c0-17.67-14.33-32-32-32z\"><\/path><\/svg><\/span>\n\t\t\t\t\t\t\t\t\t\t\t\t\t\t<\/span>\n\t\t\t\t\t\t\t\t\t\t\t\t<a class=\"elementor-accordion-title\" tabindex=\"0\">Utenti della piattaforma di app. <\/a>\n\t\t\t\t\t<\/div>\n\t\t\t\t\t<div id=\"elementor-tab-content-2516\" class=\"elementor-tab-content elementor-clearfix\" data-tab=\"6\" role=\"region\" aria-labelledby=\"elementor-tab-title-2516\"><p>L&#8217;utilizzo della Piattaforma richiede l&#8217;uso di un dispositivo mobile e di un servizio dati mobile wireless, che deve essere richiesto al tuo operatore wireless, e pu\u00f2 richiedere l&#8217;accesso a Internet, che deve essere richiesto al tuo fornitore di servizi; sei responsabile dell&#8217;ottenimento e del pagamento di tali servizi aggiuntivi e dell&#8217;ottenimento di un dispositivo adatto, inclusi, senza limitazioni, tutti i costi di utilizzo relativi. L&#8217;utente \u00e8 tenuto a inviare e ricevere, a sue spese, comunicazioni elettroniche relative alla Piattaforma, inclusi, a titolo esemplificativo, messaggi amministrativi, annunci di servizio, rapporti sui dati diagnostici e aggiornamenti della Piattaforma, da Via Emilia 9, dal suo operatore di telefonia mobile o da fornitori di servizi terzi. Se non disponi di un piano dati wireless illimitato, potresti incorrere in costi aggiuntivi da parte del tuo provider di servizi wireless in relazione all&#8217;utilizzo della Piattaforma. L&#8217;utente \u00e8 l&#8217;unico responsabile dell&#8217;ottenimento di qualsiasi abbonamento o servizio di connettivit\u00e0 o attrezzatura aggiuntiva necessari per accedere alla Piattaforma, incluso, ma non solo, il pagamento di tutti i costi di terze parti ad essa associati, compresi i costi per le informazioni inviate a o attraverso la Piattaforma. L&#8217;utente accetta di accettare tali aggiornamenti della Piattaforma e di pagare gli eventuali costi associati alla loro ricezione. La Piattaforma potrebbe non funzionare con tutti i dispositivi o con tutti gli operatori di telefonia mobile.      <br \/>Via Emilia 9 non garantisce che la Piattaforma sia compatibile o fornita da tutti gli operatori di telefonia mobile. Nel caso in cui vengano addebitate delle tariffe per la Piattaforma, o altri fornitori di servizi di terze parti addebitino una tariffa per i prodotti o i servizi che forniscono, l&#8217;utente accetta di pagare tale tariffa alla rispettiva parte in cambio dell&#8217;uso continuato di tali prodotti o servizi. Alcuni servizi possono essere soggetti a termini diversi o aggiuntivi (incluse le tariffe), che l&#8217;utente dovr\u00e0 accettare prima di utilizzare tali servizi.  <\/p>\n<p><!-- \/wp:paragraph --><!-- wp:paragraph --><\/p>\n<\/div>\n\t\t\t\t<\/div>\n\t\t\t\t\t\t\t<div class=\"elementor-accordion-item\">\n\t\t\t\t\t<div id=\"elementor-tab-title-2517\" class=\"elementor-tab-title\" data-tab=\"7\" role=\"button\" aria-controls=\"elementor-tab-content-2517\" aria-expanded=\"false\">\n\t\t\t\t\t\t\t\t\t\t\t\t\t<span class=\"elementor-accordion-icon elementor-accordion-icon-left\" aria-hidden=\"true\">\n\t\t\t\t\t\t\t\t\t\t\t\t\t\t\t<span class=\"elementor-accordion-icon-closed\"><svg class=\"e-font-icon-svg e-fas-plus\" viewBox=\"0 0 448 512\" xmlns=\"http:\/\/www.w3.org\/2000\/svg\"><path d=\"M416 208H272V64c0-17.67-14.33-32-32-32h-32c-17.67 0-32 14.33-32 32v144H32c-17.67 0-32 14.33-32 32v32c0 17.67 14.33 32 32 32h144v144c0 17.67 14.33 32 32 32h32c17.67 0 32-14.33 32-32V304h144c17.67 0 32-14.33 32-32v-32c0-17.67-14.33-32-32-32z\"><\/path><\/svg><\/span>\n\t\t\t\t\t\t\t\t<span class=\"elementor-accordion-icon-opened\"><svg class=\"e-font-icon-svg e-fas-minus\" viewBox=\"0 0 448 512\" xmlns=\"http:\/\/www.w3.org\/2000\/svg\"><path d=\"M416 208H32c-17.67 0-32 14.33-32 32v32c0 17.67 14.33 32 32 32h384c17.67 0 32-14.33 32-32v-32c0-17.67-14.33-32-32-32z\"><\/path><\/svg><\/span>\n\t\t\t\t\t\t\t\t\t\t\t\t\t\t<\/span>\n\t\t\t\t\t\t\t\t\t\t\t\t<a class=\"elementor-accordion-title\" tabindex=\"0\">Possibilit\u00e0 di accettare i termini d'uso<\/a>\n\t\t\t\t\t<\/div>\n\t\t\t\t\t<div id=\"elementor-tab-content-2517\" class=\"elementor-tab-content elementor-clearfix\" data-tab=\"7\" role=\"region\" aria-labelledby=\"elementor-tab-title-2517\"><p>L&#8217;utente dichiara di avere pi\u00f9 di 13 anni, di essere un minore emancipato o di essere in possesso del consenso legale dei genitori o del tutore e di essere pienamente in grado di accettare i termini, le condizioni, gli obblighi, le affermazioni, le dichiarazioni e le garanzie stabilite nelle presenti Condizioni d&#8217;uso e di attenersi e rispettare le presenti Condizioni d&#8217;uso. In ogni caso, dichiari di avere pi\u00f9 di 13 anni, in quanto la Piattaforma Via Emilia 9 non \u00e8 destinata ai minori di 13 anni.<br \/>Se hai meno di 13 anni, ti invitiamo a non utilizzare la Piattaforma Via Emilia 9 &#8211; ci sono molti altri siti web fantastici per te. Parla con i tuoi genitori per sapere quali siti sono adatti a te.  <\/p>\n<p><!-- \/wp:paragraph --><!-- wp:paragraph --><\/p>\n<\/div>\n\t\t\t\t<\/div>\n\t\t\t\t\t\t\t<div class=\"elementor-accordion-item\">\n\t\t\t\t\t<div id=\"elementor-tab-title-2518\" class=\"elementor-tab-title\" data-tab=\"8\" role=\"button\" aria-controls=\"elementor-tab-content-2518\" aria-expanded=\"false\">\n\t\t\t\t\t\t\t\t\t\t\t\t\t<span class=\"elementor-accordion-icon elementor-accordion-icon-left\" aria-hidden=\"true\">\n\t\t\t\t\t\t\t\t\t\t\t\t\t\t\t<span class=\"elementor-accordion-icon-closed\"><svg class=\"e-font-icon-svg e-fas-plus\" viewBox=\"0 0 448 512\" xmlns=\"http:\/\/www.w3.org\/2000\/svg\"><path d=\"M416 208H272V64c0-17.67-14.33-32-32-32h-32c-17.67 0-32 14.33-32 32v144H32c-17.67 0-32 14.33-32 32v32c0 17.67 14.33 32 32 32h144v144c0 17.67 14.33 32 32 32h32c17.67 0 32-14.33 32-32V304h144c17.67 0 32-14.33 32-32v-32c0-17.67-14.33-32-32-32z\"><\/path><\/svg><\/span>\n\t\t\t\t\t\t\t\t<span class=\"elementor-accordion-icon-opened\"><svg class=\"e-font-icon-svg e-fas-minus\" viewBox=\"0 0 448 512\" xmlns=\"http:\/\/www.w3.org\/2000\/svg\"><path d=\"M416 208H32c-17.67 0-32 14.33-32 32v32c0 17.67 14.33 32 32 32h384c17.67 0 32-14.33 32-32v-32c0-17.67-14.33-32-32-32z\"><\/path><\/svg><\/span>\n\t\t\t\t\t\t\t\t\t\t\t\t\t\t<\/span>\n\t\t\t\t\t\t\t\t\t\t\t\t<a class=\"elementor-accordion-title\" tabindex=\"0\">Varie<\/a>\n\t\t\t\t\t<\/div>\n\t\t\t\t\t<div id=\"elementor-tab-content-2518\" class=\"elementor-tab-content elementor-clearfix\" data-tab=\"8\" role=\"region\" aria-labelledby=\"elementor-tab-title-2518\"><p>Le presenti Condizioni d&#8217;uso saranno disciplinate e interpretate in conformit\u00e0 alle leggi interne della citt\u00e0 di New York, senza tener conto dei conflitti di legge. Utilizzando questo sito, l&#8217;utente accetta che qualsiasi controversia relativa alle presenti Condizioni d&#8217;uso sia soggetta ai tribunali di New York.  <br \/>Le presenti Condizioni d&#8217;uso operano nella misura massima consentita dalla legge. Se Via Emilia 9 non agisce in relazione alla violazione dell&#8217;utente o di altri in qualsiasi occasione, Via Emilia 9 non rinuncia al diritto di agire in relazione a violazioni future o simili.  <br \/>Se una qualsiasi disposizione delle presenti Condizioni d&#8217;uso dovesse risultare illegale, nulla o per qualsiasi motivo inapplicabile, tale disposizione sar\u00e0 considerata separabile dalle presenti Condizioni d&#8217;uso e non pregiudicher\u00e0 la validit\u00e0 e l&#8217;applicabilit\u00e0 delle restanti disposizioni. Le presenti Condizioni d&#8217;uso costituiscono l&#8217;intero accordo tra l&#8217;utente e Via Emilia 9 in merito all&#8217;utilizzo della Piattaforma. <\/p>\n<p><!-- \/wp:paragraph --><!-- wp:paragraph --><\/p>\n<\/div>\n\t\t\t\t<\/div>\n\t\t\t\t\t\t\t\t<\/div>\n\t\t\t\t\t\t<\/div>\n\t\t\t\t<\/div>\n\t\t\t\t\t<\/div>\n\t\t\t\t<\/div>\n\t\t\t\t<\/div>\n\t\t","protected":false},"excerpt":{"rendered":"<p>TERMINI DI UTILIZZO Accettazione dei Termini d&#8217;uso Le presenti Condizioni d&#8217;uso regolano l&#8217;utilizzo da parte dell&#8217;utente dei contenuti e delle funzioni disponibili attraverso il nome di dominio viaemilia9.com e altri siti web e applicazioni su cui queste condizioni risiedono o [&hellip;]<\/p>\n","protected":false},"author":1,"featured_media":0,"parent":0,"menu_order":0,"comment_status":"closed","ping_status":"closed","template":"elementor_header_footer","meta":{"footnotes":""},"class_list":["post-3207","page","type-page","status-publish","hentry"],"aioseo_notices":[],"_links":{"self":[{"href":"https:\/\/viaemilia9.com\/it\/wp-json\/wp\/v2\/pages\/3207","targetHints":{"allow":["GET"]}}],"collection":[{"href":"https:\/\/viaemilia9.com\/it\/wp-json\/wp\/v2\/pages"}],"about":[{"href":"https:\/\/viaemilia9.com\/it\/wp-json\/wp\/v2\/types\/page"}],"author":[{"embeddable":true,"href":"https:\/\/viaemilia9.com\/it\/wp-json\/wp\/v2\/users\/1"}],"replies":[{"embeddable":true,"href":"https:\/\/viaemilia9.com\/it\/wp-json\/wp\/v2\/comments?post=3207"}],"version-history":[{"count":10,"href":"https:\/\/viaemilia9.com\/it\/wp-json\/wp\/v2\/pages\/3207\/revisions"}],"predecessor-version":[{"id":3338,"href":"https:\/\/viaemilia9.com\/it\/wp-json\/wp\/v2\/pages\/3207\/revisions\/3338"}],"wp:attachment":[{"href":"https:\/\/viaemilia9.com\/it\/wp-json\/wp\/v2\/media?parent=3207"}],"curies":[{"name":"wp","href":"https:\/\/api.w.org\/{rel}","templated":true}]}}