{"id":3346,"date":"2023-06-14T20:21:01","date_gmt":"2023-06-14T20:21:01","guid":{"rendered":"http:\/\/viaemilia9.com\/declaracion-de-accesibilidad-de-via-emilia-9\/"},"modified":"2024-11-04T05:06:10","modified_gmt":"2024-11-04T05:06:10","slug":"declaracion-de-accesibilidad-de-via-emilia-9","status":"publish","type":"page","link":"https:\/\/viaemilia9.com\/es\/declaracion-de-accesibilidad-de-via-emilia-9\/","title":{"rendered":"Declaraci\u00f3n de accesibilidad de Via Emilia 9"},"content":{"rendered":"\t\t<div data-elementor-type=\"wp-page\" data-elementor-id=\"3346\" class=\"elementor elementor-3346 elementor-1460\">\n\t\t\t\t<div class=\"elementor-element elementor-element-6940a3f e-flex e-con-boxed e-con e-parent\" data-id=\"6940a3f\" data-element_type=\"container\" data-settings=\"{&quot;grandrestaurant_ext_is_background_parallax&quot;:&quot;false&quot;,&quot;grandrestaurant_ext_is_background_backdrop&quot;:&quot;false&quot;,&quot;grandrestaurant_ext_is_background_on_scroll&quot;:&quot;false&quot;,&quot;grandrestaurant_ext_link_reservation&quot;:&quot;false&quot;,&quot;grandrestaurant_ext_link_sidemenu&quot;:&quot;false&quot;,&quot;grandrestaurant_ext_link_fullmenu&quot;:&quot;false&quot;,&quot;grandrestaurant_ext_link_closed_fullmenu&quot;:&quot;false&quot;,&quot;grandrestaurant_ext_is_scrollme&quot;:&quot;false&quot;,&quot;grandrestaurant_ext_is_smoove&quot;:&quot;false&quot;,&quot;grandrestaurant_ext_is_parallax_mouse&quot;:&quot;false&quot;,&quot;grandrestaurant_ext_is_infinite&quot;:&quot;false&quot;,&quot;grandrestaurant_ext_is_fadeout_animation&quot;:&quot;false&quot;,&quot;grandrestaurant_ext_mobile_static&quot;:&quot;false&quot;}\">\n\t\t\t\t\t<div class=\"e-con-inner\">\n\t\t\t\t<div class=\"elementor-element elementor-element-47b9abd elementor-widget elementor-widget-heading\" data-id=\"47b9abd\" data-element_type=\"widget\" data-settings=\"{&quot;grandrestaurant_ext_link_reservation&quot;:&quot;false&quot;,&quot;grandrestaurant_ext_link_sidemenu&quot;:&quot;false&quot;,&quot;grandrestaurant_ext_link_fullmenu&quot;:&quot;false&quot;,&quot;grandrestaurant_ext_link_closed_fullmenu&quot;:&quot;false&quot;,&quot;grandrestaurant_ext_is_scrollme&quot;:&quot;false&quot;,&quot;grandrestaurant_ext_is_smoove&quot;:&quot;false&quot;,&quot;grandrestaurant_ext_is_parallax_mouse&quot;:&quot;false&quot;,&quot;grandrestaurant_ext_is_infinite&quot;:&quot;false&quot;,&quot;grandrestaurant_ext_is_fadeout_animation&quot;:&quot;false&quot;,&quot;grandrestaurant_ext_mobile_static&quot;:&quot;false&quot;}\" data-widget_type=\"heading.default\">\n\t\t\t\t<div class=\"elementor-widget-container\">\n\t\t\t\t\t<h1 class=\"elementor-heading-title elementor-size-default\">Declaraci\u00f3n de accesibilidad.<\/h1>\t\t\t\t<\/div>\n\t\t\t\t<\/div>\n\t\t\t\t<div class=\"elementor-element elementor-element-1b56b54 elementor-widget elementor-widget-heading\" data-id=\"1b56b54\" data-element_type=\"widget\" data-settings=\"{&quot;grandrestaurant_ext_link_reservation&quot;:&quot;false&quot;,&quot;grandrestaurant_ext_link_sidemenu&quot;:&quot;false&quot;,&quot;grandrestaurant_ext_link_fullmenu&quot;:&quot;false&quot;,&quot;grandrestaurant_ext_link_closed_fullmenu&quot;:&quot;false&quot;,&quot;grandrestaurant_ext_is_scrollme&quot;:&quot;false&quot;,&quot;grandrestaurant_ext_is_smoove&quot;:&quot;false&quot;,&quot;grandrestaurant_ext_is_parallax_mouse&quot;:&quot;false&quot;,&quot;grandrestaurant_ext_is_infinite&quot;:&quot;false&quot;,&quot;grandrestaurant_ext_is_fadeout_animation&quot;:&quot;false&quot;,&quot;grandrestaurant_ext_mobile_static&quot;:&quot;false&quot;}\" data-widget_type=\"heading.default\">\n\t\t\t\t<div class=\"elementor-widget-container\">\n\t\t\t\t\t<h2 class=\"elementor-heading-title elementor-size-default\">Actualizado: Octubre de 2024.<\/h2>\t\t\t\t<\/div>\n\t\t\t\t<\/div>\n\t\t\t\t<div class=\"elementor-element elementor-element-c10c36a elementor-widget-divider--view-line elementor-widget elementor-widget-divider\" data-id=\"c10c36a\" data-element_type=\"widget\" data-settings=\"{&quot;grandrestaurant_ext_link_reservation&quot;:&quot;false&quot;,&quot;grandrestaurant_ext_link_sidemenu&quot;:&quot;false&quot;,&quot;grandrestaurant_ext_link_fullmenu&quot;:&quot;false&quot;,&quot;grandrestaurant_ext_link_closed_fullmenu&quot;:&quot;false&quot;,&quot;grandrestaurant_ext_is_scrollme&quot;:&quot;false&quot;,&quot;grandrestaurant_ext_is_smoove&quot;:&quot;false&quot;,&quot;grandrestaurant_ext_is_parallax_mouse&quot;:&quot;false&quot;,&quot;grandrestaurant_ext_is_infinite&quot;:&quot;false&quot;,&quot;grandrestaurant_ext_is_fadeout_animation&quot;:&quot;false&quot;,&quot;grandrestaurant_ext_mobile_static&quot;:&quot;false&quot;}\" data-widget_type=\"divider.default\">\n\t\t\t\t<div class=\"elementor-widget-container\">\n\t\t\t\t\t\t\t<div class=\"elementor-divider\">\n\t\t\t<span class=\"elementor-divider-separator\">\n\t\t\t\t\t\t<\/span>\n\t\t<\/div>\n\t\t\t\t\t\t<\/div>\n\t\t\t\t<\/div>\n\t\t\t\t<div class=\"elementor-element elementor-element-fad3bf9 elementor-widget elementor-widget-heading\" data-id=\"fad3bf9\" data-element_type=\"widget\" data-settings=\"{&quot;grandrestaurant_ext_link_reservation&quot;:&quot;false&quot;,&quot;grandrestaurant_ext_link_sidemenu&quot;:&quot;false&quot;,&quot;grandrestaurant_ext_link_fullmenu&quot;:&quot;false&quot;,&quot;grandrestaurant_ext_link_closed_fullmenu&quot;:&quot;false&quot;,&quot;grandrestaurant_ext_is_scrollme&quot;:&quot;false&quot;,&quot;grandrestaurant_ext_is_smoove&quot;:&quot;false&quot;,&quot;grandrestaurant_ext_is_parallax_mouse&quot;:&quot;false&quot;,&quot;grandrestaurant_ext_is_infinite&quot;:&quot;false&quot;,&quot;grandrestaurant_ext_is_fadeout_animation&quot;:&quot;false&quot;,&quot;grandrestaurant_ext_mobile_static&quot;:&quot;false&quot;}\" data-widget_type=\"heading.default\">\n\t\t\t\t<div class=\"elementor-widget-container\">\n\t\t\t\t\t<h2 class=\"elementor-heading-title elementor-size-default\">GENERAL<\/h2>\t\t\t\t<\/div>\n\t\t\t\t<\/div>\n\t\t\t\t<div class=\"elementor-element elementor-element-2868c10 elementor-widget elementor-widget-text-editor\" data-id=\"2868c10\" data-element_type=\"widget\" data-settings=\"{&quot;grandrestaurant_ext_link_reservation&quot;:&quot;false&quot;,&quot;grandrestaurant_ext_link_sidemenu&quot;:&quot;false&quot;,&quot;grandrestaurant_ext_link_fullmenu&quot;:&quot;false&quot;,&quot;grandrestaurant_ext_link_closed_fullmenu&quot;:&quot;false&quot;,&quot;grandrestaurant_ext_is_scrollme&quot;:&quot;false&quot;,&quot;grandrestaurant_ext_is_smoove&quot;:&quot;false&quot;,&quot;grandrestaurant_ext_is_parallax_mouse&quot;:&quot;false&quot;,&quot;grandrestaurant_ext_is_infinite&quot;:&quot;false&quot;,&quot;grandrestaurant_ext_is_fadeout_animation&quot;:&quot;false&quot;,&quot;grandrestaurant_ext_mobile_static&quot;:&quot;false&quot;}\" data-widget_type=\"text-editor.default\">\n\t\t\t\t<div class=\"elementor-widget-container\">\n\t\t\t\t\t\t\t\t\t<p>Esta Declaraci\u00f3n de Accesibilidad se aplica a: <span class=\"website\">emiliabeppa.com<\/span><\/p>\n\t\t\t\t\t\t\t\t<\/div>\n\t\t\t\t<\/div>\n\t\t\t\t<div class=\"elementor-element elementor-element-09d374d elementor-widget__width-inherit elementor-widget elementor-widget-text-editor\" data-id=\"09d374d\" data-element_type=\"widget\" data-settings=\"{&quot;grandrestaurant_ext_link_reservation&quot;:&quot;false&quot;,&quot;grandrestaurant_ext_link_sidemenu&quot;:&quot;false&quot;,&quot;grandrestaurant_ext_link_fullmenu&quot;:&quot;false&quot;,&quot;grandrestaurant_ext_link_closed_fullmenu&quot;:&quot;false&quot;,&quot;grandrestaurant_ext_is_scrollme&quot;:&quot;false&quot;,&quot;grandrestaurant_ext_is_smoove&quot;:&quot;false&quot;,&quot;grandrestaurant_ext_is_parallax_mouse&quot;:&quot;false&quot;,&quot;grandrestaurant_ext_is_infinite&quot;:&quot;false&quot;,&quot;grandrestaurant_ext_is_fadeout_animation&quot;:&quot;false&quot;,&quot;grandrestaurant_ext_mobile_static&quot;:&quot;false&quot;}\" data-widget_type=\"text-editor.default\">\n\t\t\t\t<div class=\"elementor-widget-container\">\n\t\t\t\t\t\t\t\t\t<p><strong>Valoramos la inclusi\u00f3n digital<\/strong><\/p>\n<section>\n<p data-i18n=\"[html]as-paragraph-1\">Este sitio web es supervisado y probado por <a href=\"https:\/\/www.audioeye.com\/\" target=\"_blank\" rel=\"noopener\">AudioEye<\/a>, un proveedor externo de pruebas y supervisi\u00f3n de accesibilidad web. AudioEye informa de los resultados de las pruebas automatizadas en el portal de <span class=\"website\">emiliabeppa.<\/span>com. Adem\u00e1s, en la medida en que <span class=\"website\">emiliabeppa.<\/span> <span class=\"website\">com<\/span> contrata a AudioEye para la revisi\u00f3n por expertos, la correcci\u00f3n y las pruebas de usuario por parte de personas con discapacidad, AudioEye corrige los problemas descubiertos o proporciona un Informe de Comentarios de Origen (SFR) para que <span class=\"website\">emiliabeppa.com<\/span> corrija el problema. Por \u00faltimo, AudioEye mejora y perfecciona continuamente sus soluciones existentes.   <\/p>\n<\/section>\n<section><img decoding=\"async\" class=\"alignleft\" src=\"https:\/\/portal.audioeye.com\/AudioEye-Trusted-Horizontal.svg\" alt=\"AudioEye de confianza\" width=\"183\" height=\"98\" aria-label=\"AudioEye Trusted\" data-i18n=\"[aria-label]accessibility-statement\"><\/section>\n\t\t\t\t\t\t\t\t<\/div>\n\t\t\t\t<\/div>\n\t\t\t\t<div class=\"elementor-element elementor-element-a91e72c elementor-widget elementor-widget-text-editor\" data-id=\"a91e72c\" data-element_type=\"widget\" data-settings=\"{&quot;grandrestaurant_ext_link_reservation&quot;:&quot;false&quot;,&quot;grandrestaurant_ext_link_sidemenu&quot;:&quot;false&quot;,&quot;grandrestaurant_ext_link_fullmenu&quot;:&quot;false&quot;,&quot;grandrestaurant_ext_link_closed_fullmenu&quot;:&quot;false&quot;,&quot;grandrestaurant_ext_is_scrollme&quot;:&quot;false&quot;,&quot;grandrestaurant_ext_is_smoove&quot;:&quot;false&quot;,&quot;grandrestaurant_ext_is_parallax_mouse&quot;:&quot;false&quot;,&quot;grandrestaurant_ext_is_infinite&quot;:&quot;false&quot;,&quot;grandrestaurant_ext_is_fadeout_animation&quot;:&quot;false&quot;,&quot;grandrestaurant_ext_mobile_static&quot;:&quot;false&quot;}\" data-widget_type=\"text-editor.default\">\n\t\t\t\t<div class=\"elementor-widget-container\">\n\t\t\t\t\t\t\t\t\t<p><strong>Certificaci\u00f3n de confianza AudioEye<\/strong><\/p>\n<p data-i18n=\"as-paragraph-2\">El sello de Certificaci\u00f3n de Confianza de AudioEye representa un compromiso con la accesibilidad y la inclusi\u00f3n digital. El proceso de certificaci\u00f3n de AudioEye implica la revisi\u00f3n autom\u00e1tica y, si procede, por expertos, la correcci\u00f3n y las pruebas de usuario para aumentar la conformidad con los criterios de \u00e9xito de las Pautas de Accesibilidad al Contenido en la Web (WCAG) 2.2, Nivel AA. AudioEye y <span class=\"website\">emiliabeppa.com<\/span> siguen colaborando en un esfuerzo continuo para ayudar a mantener la conformidad con los criterios de \u00e9xito y ayudar a proporcionar una experiencia de usuario accesible a todos los visitantes del sitio web.  <\/p>\n<p><strong data-i18n=\"as-paragraph-3\">AudioEye certifica que <span class=\"website\">emiliabeppa<\/span> <span class=\"website\">.<\/span> <span class=\"website\">com<\/span> ha contratado a AudioEye para ayudar a <span class=\"website\">emiliabeppa.com<\/span> a cumplir los criterios de \u00e9xito del nivel AA de las WCAG 2.2.<\/strong><\/p>\n<p data-i18n=\"[html]as-paragraph-4\">AudioEye utiliza los siguientes navegadores web y tecnolog\u00edas de asistencia basadas en web para probar sus soluciones:<\/p>\n<p data-i18n=\"as-paragraph-5\">La versi\u00f3n m\u00e1s reciente y las dos inmediatamente anteriores de cualquier navegador web de escritorio compatible con los est\u00e1ndares que represente m\u00e1s del 5% de la cuota de mercado<\/p>\n<p data-i18n=\"as-paragraph-6\">Tecnolog\u00edas de asistencia basadas en la Web, como lectores de pantalla (es decir, JAWS, NVDA y VoiceOver), magnificaci\u00f3n, dictado por voz y navegaci\u00f3n s\u00f3lo con teclado, generalmente favorecidas por la comunidad de discapacitados.<\/p>\n<p data-i18n=\"as-paragraph-6\">\n\t\t\t\t\t\t\t\t<\/div>\n\t\t\t\t<\/div>\n\t\t\t\t<div class=\"elementor-element elementor-element-7303e10 elementor-widget elementor-widget-text-editor\" data-id=\"7303e10\" data-element_type=\"widget\" data-settings=\"{&quot;grandrestaurant_ext_link_reservation&quot;:&quot;false&quot;,&quot;grandrestaurant_ext_link_sidemenu&quot;:&quot;false&quot;,&quot;grandrestaurant_ext_link_fullmenu&quot;:&quot;false&quot;,&quot;grandrestaurant_ext_link_closed_fullmenu&quot;:&quot;false&quot;,&quot;grandrestaurant_ext_is_scrollme&quot;:&quot;false&quot;,&quot;grandrestaurant_ext_is_smoove&quot;:&quot;false&quot;,&quot;grandrestaurant_ext_is_parallax_mouse&quot;:&quot;false&quot;,&quot;grandrestaurant_ext_is_infinite&quot;:&quot;false&quot;,&quot;grandrestaurant_ext_is_fadeout_animation&quot;:&quot;false&quot;,&quot;grandrestaurant_ext_mobile_static&quot;:&quot;false&quot;}\" data-widget_type=\"text-editor.default\">\n\t\t\t\t<div class=\"elementor-widget-container\">\n\t\t\t\t\t\t\t\t\t<p data-i18n=\"accessibility-guidelines\"><strong>Pautas de Accesibilidad Web<\/strong><\/p>\n<p>Consulta m\u00e1s informaci\u00f3n sobre el <a href=\"https:\/\/www.w3.org\/TR\/WCAG21\/\" target=\"_blank\" rel=\"noopener\">cumplimiento de las WCAG<\/a>.<\/p>\n<p class=\"brand\" data-i18n=\"[html]as-paragraph-8\">Mejorar la experiencia de usuario para todos<\/p>\n<p data-i18n=\"[html]as-paragraph-9\"><a href=\"http:\/\/viaemilia9.com\/\"><span class=\"website\">emiliabeppa.com<\/span><\/a> ha tomado como referencia las Pautas de Accesibilidad al Contenido en la Web (WCAG) 2.2 para ayudar a garantizar que el contenido web disponible en este sitio web sea m\u00e1s accesible para las personas con discapacidad y f\u00e1cil de usar para todos.<\/p>\n<p data-i18n=\"[html]as-paragraph-9\">Estas buenas pr\u00e1cticas, reconocidas en todo el mundo (y recomendadas por el Consorcio World Wide Web), constan de tres niveles de medici\u00f3n de la accesibilidad (A, AA y AAA).<\/p>\n<p data-i18n=\"[html]as-paragraph-9\">AudioEye hace referencia al Nivel AA de estas pautas para ayudar a proporcionar accesibilidad.<\/p>\n<p><strong data-i18n=\"related-links\">Enlaces relacionados<\/strong><\/p>\n<p><a href=\"https:\/\/www.w3.org\/WAI\/\" target=\"_blank\" rel=\"noopener noreferrer\" data-i18n=\"accessibility-initiative\">Iniciativa de Accesibilidad a la Web (WAI)<\/a><\/p>\n\t\t\t\t\t\t\t\t<\/div>\n\t\t\t\t<\/div>\n\t\t\t\t<div class=\"elementor-element elementor-element-ecaabe3 elementor-widget elementor-widget-text-editor\" data-id=\"ecaabe3\" data-element_type=\"widget\" data-settings=\"{&quot;grandrestaurant_ext_link_reservation&quot;:&quot;false&quot;,&quot;grandrestaurant_ext_link_sidemenu&quot;:&quot;false&quot;,&quot;grandrestaurant_ext_link_fullmenu&quot;:&quot;false&quot;,&quot;grandrestaurant_ext_link_closed_fullmenu&quot;:&quot;false&quot;,&quot;grandrestaurant_ext_is_scrollme&quot;:&quot;false&quot;,&quot;grandrestaurant_ext_is_smoove&quot;:&quot;false&quot;,&quot;grandrestaurant_ext_is_parallax_mouse&quot;:&quot;false&quot;,&quot;grandrestaurant_ext_is_infinite&quot;:&quot;false&quot;,&quot;grandrestaurant_ext_is_fadeout_animation&quot;:&quot;false&quot;,&quot;grandrestaurant_ext_mobile_static&quot;:&quot;false&quot;}\" data-widget_type=\"text-editor.default\">\n\t\t\t\t<div class=\"elementor-widget-container\">\n\t\t\t\t\t\t\t\t\t<p><strong>El kit de herramientas visuales<\/strong><\/p>\n<section>\n<p class=\"brand\" data-i18n=\"as-paragraph-11\">Proporcionar a los usuarios una utilidad de asistencia personalizable.<\/p>\n<p data-i18n=\"[html]as-paragraph-12\">Adem\u00e1s de las t\u00e9cnicas y estrategias mencionadas -y dado que no todos los visitantes del sitio web tienen acceso a herramientas de asistencia como los lectores de pantalla-, hemos proporcionado una herramienta complementaria de personalizaci\u00f3n del sitio web, el Conjunto de herramientas visuales, que permite a los visitantes del sitio web personalizar su experiencia de usuario.<\/p>\n<p>Si el Conjunto de herramientas visuales no est\u00e1 activado por defecto, los usuarios pueden activarlo seleccionando el bot\u00f3n Activar conjunto de herramientas que aparece a continuaci\u00f3n. Una vez activado, el icono de Accesibilidad deber\u00eda ser visible en cualquier p\u00e1gina de este sitio web. A continuaci\u00f3n, los usuarios pueden activar el kit de herramientas interactuando con el icono de Accesibilidad.  <\/p>\n<p><button id=\"audioeye_activate_btn\" class=\"primary-button\" type=\"button\" data-ae-cta-optin-button=\"true\" data-ae-cta-opted-in-copy=\"Deactivate AudioEye Toolbar\" data-ae-cta-opted-out-copy=\"Activate AudioEye Toolbar\" data-i18n=\"[data-ae-cta-opted-out-copy]activate-ae-toolbar;[data-ae-cta-opted-in-copy]deactivate-ae-toolbar;activate-ae-toolbar\">Activar el kit de herramientas visuales<\/button><\/p>\n<\/section>\n<section>\n<h3><strong data-i18n=\"features\">Caracter\u00edsticas principales del kit de herramientas visuales AudioEye<\/strong><\/h3>\n<p class=\"feature\"><strong data-i18n=\"visual-toolkit\">El kit de herramientas visuales<\/strong><\/p>\n<p><span data-i18n=\"customize-toolkit\">El Conjunto de herramientas visuales puede utilizarse para personalizar la presentaci\u00f3n visual del sitio web.<\/span><\/p>\n<p class=\"feature\"><strong data-i18n=\"page-elements-navigation\">Elementos de la p\u00e1gina Navegaci\u00f3n<\/strong><\/p>\n<p><span data-i18n=\"navigate-easily\">Los usuarios pueden navegar f\u00e1cilmente por cualquier p\u00e1gina por elementos o jerarqu\u00eda de contenidos.<\/span><\/p>\n<p class=\"feature\"><strong data-i18n=\"audioeye-help-desk\">AudioEye Help Desk<\/strong><\/p>\n<p><span data-i18n=\"report-accessibility\">Los usuarios pueden informar sobre problemas relacionados con la accesibilidad y la usabilidad.<\/span><\/p>\n<\/section>\n<section>\n<h3><strong data-i18n=\"third-party\">Sitios de terceros<\/strong><\/h3>\n<section>\n<p class=\"feature\"><strong data-i18n=\"audioeye-help-desk\">AudioEye Help Desk<\/strong><\/p>\n<p><span data-i18n=\"report-accessibility\">Los usuarios pueden informar sobre problemas relacionados con la accesibilidad y la usabilidad.<\/span><\/section>\n<section>\n<h3><strong data-i18n=\"third-party\">Sitios de terceros<\/strong><\/h3>\n<p data-i18n=\"[html]as-paragraph-13\">A lo largo de este sitio web, podemos hacer uso de diferentes sitios web de terceros como Facebook, Google Maps, X (antes conocido como Twitter), LinkedIn, Instagram y YouTube para difundir noticias e informaci\u00f3n sobre los productos y servicios de <span class=\"website\">emiliabeppa.com<\/span>. Estos sitios web, que no est\u00e1n controlados por <span class=\"website\">emiliabeppa.<\/span>com, pueden presentar dificultades para las personas con discapacidad que no podemos controlar ni remediar. <\/p>\n<p>Tal y como se han hecho p\u00fablicas, \u00e9stas son las Pol\u00edticas de Accesibilidad proporcionadas por estos sitios web de terceros:<\/p>\n<div><a href=\"https:\/\/www.facebook.com\/help\/141636465971794\/\" target=\"_blank\" rel=\"noopener noreferrer\" data-i18n=\"facebook-policy\">Pol\u00edtica de accesibilidad de Facebook<\/a><\/div>\n<div><a href=\"https:\/\/support.google.com\/maps\/answer\/6396990\" target=\"_blank\" rel=\"noopener noreferrer\" data-i18n=\"google-maps-policy\">Pol\u00edtica de accesibilidad de Google Maps<\/a><\/div>\n<div><a href=\"https:\/\/help.x.com\/en\/resources\/accessibility\" target=\"_blank\" rel=\"noopener noreferrer\" data-i18n=\"twitter-policy\">X (antes conocido como Twitter) Pol\u00edtica de accesibilidad<\/a><\/div>\n<div><a href=\"https:\/\/www.linkedin.com\/accessibility\" target=\"_blank\" rel=\"noopener noreferrer\" data-i18n=\"linkedin-policy\">Pol\u00edtica de accesibilidad de LinkedIn<\/a><\/div>\n<div><a href=\"https:\/\/help.instagram.com\/1178723545597542\" target=\"_blank\" rel=\"noopener noreferrer\" data-i18n=\"instagram-policy\">Pol\u00edtica de accesibilidad de Instagram<\/a><\/div>\n<div><a href=\"https:\/\/support.google.com\/youtube\/answer\/189278\" target=\"_blank\" rel=\"noopener noreferrer\" data-i18n=\"youtube-policy\">Pol\u00edtica de accesibilidad de YouTube<\/a><\/div>\n<\/section>\n<p>Tal y como se han hecho p\u00fablicas, \u00e9stas son las Pol\u00edticas de Accesibilidad proporcionadas por estos sitios web de terceros:<\/p>\n<\/section>\n<p>Si tienes dificultades con alg\u00fan contenido de <a title=\"http:\/\/viaemilia9.com\" href=\"http:\/\/viaemilia9.com\">http:\/\/viaemilia9.com<\/a> o necesitas ayuda con alguna parte de nuestro sitio web, ponte en contacto con nosotros durante el horario laboral habitual que se detalla a continuaci\u00f3n y estaremos encantados de ayudarte.<\/p>\n\t\t\t\t\t\t\t\t<\/div>\n\t\t\t\t<\/div>\n\t\t\t\t<div class=\"elementor-element elementor-element-d6669a3 elementor-widget__width-inherit elementor-widget elementor-widget-text-editor\" data-id=\"d6669a3\" data-element_type=\"widget\" data-settings=\"{&quot;grandrestaurant_ext_link_reservation&quot;:&quot;false&quot;,&quot;grandrestaurant_ext_link_sidemenu&quot;:&quot;false&quot;,&quot;grandrestaurant_ext_link_fullmenu&quot;:&quot;false&quot;,&quot;grandrestaurant_ext_link_closed_fullmenu&quot;:&quot;false&quot;,&quot;grandrestaurant_ext_is_scrollme&quot;:&quot;false&quot;,&quot;grandrestaurant_ext_is_smoove&quot;:&quot;false&quot;,&quot;grandrestaurant_ext_is_parallax_mouse&quot;:&quot;false&quot;,&quot;grandrestaurant_ext_is_infinite&quot;:&quot;false&quot;,&quot;grandrestaurant_ext_is_fadeout_animation&quot;:&quot;false&quot;,&quot;grandrestaurant_ext_mobile_static&quot;:&quot;false&quot;}\" data-widget_type=\"text-editor.default\">\n\t\t\t\t<div class=\"elementor-widget-container\">\n\t\t\t\t\t\t\t\t\t<p><strong>Cont\u00e1ctenos<\/strong><\/p>\n<p>Si desea informar un problema de accesibilidad, tiene alguna pregunta o necesita ayuda, comun\u00edquese con Atenci\u00f3n al cliente de Via Emilia 9 de la siguiente manera:<\/p>\n\t\t\t\t\t\t\t\t<\/div>\n\t\t\t\t<\/div>\n\t\t\t\t<div class=\"elementor-element elementor-element-1d3e63e elementor-widget__width-inherit elementor-widget elementor-widget-text-editor\" data-id=\"1d3e63e\" data-element_type=\"widget\" data-settings=\"{&quot;grandrestaurant_ext_link_reservation&quot;:&quot;false&quot;,&quot;grandrestaurant_ext_link_sidemenu&quot;:&quot;false&quot;,&quot;grandrestaurant_ext_link_fullmenu&quot;:&quot;false&quot;,&quot;grandrestaurant_ext_link_closed_fullmenu&quot;:&quot;false&quot;,&quot;grandrestaurant_ext_is_scrollme&quot;:&quot;false&quot;,&quot;grandrestaurant_ext_is_smoove&quot;:&quot;false&quot;,&quot;grandrestaurant_ext_is_parallax_mouse&quot;:&quot;false&quot;,&quot;grandrestaurant_ext_is_infinite&quot;:&quot;false&quot;,&quot;grandrestaurant_ext_is_fadeout_animation&quot;:&quot;false&quot;,&quot;grandrestaurant_ext_mobile_static&quot;:&quot;false&quot;}\" data-widget_type=\"text-editor.default\">\n\t\t\t\t<div class=\"elementor-widget-container\">\n\t\t\t\t\t\t\t\t\t<p><strong>Email:<\/strong> daniela@viaemilia9.com<\/p>\n<p><strong>Tel\u00e9fono<\/strong> +17862167150<\/p>\n\t\t\t\t\t\t\t\t<\/div>\n\t\t\t\t<\/div>\n\t\t\t\t\t<\/div>\n\t\t\t\t<\/div>\n\t\t\t\t<\/div>\n\t\t","protected":false},"excerpt":{"rendered":"<p>Declaraci\u00f3n de accesibilidad. Actualizado: Octubre de 2024. GENERAL Esta Declaraci\u00f3n de Accesibilidad se aplica a: emiliabeppa.com Valoramos la inclusi\u00f3n digital Este sitio web es supervisado y probado por AudioEye, un proveedor externo de pruebas y supervisi\u00f3n de accesibilidad web. AudioEye [&hellip;]<\/p>\n","protected":false},"author":1,"featured_media":0,"parent":0,"menu_order":0,"comment_status":"closed","ping_status":"closed","template":"","meta":{"footnotes":""},"class_list":["post-3346","page","type-page","status-publish","hentry"],"aioseo_notices":[],"_links":{"self":[{"href":"https:\/\/viaemilia9.com\/es\/wp-json\/wp\/v2\/pages\/3346","targetHints":{"allow":["GET"]}}],"collection":[{"href":"https:\/\/viaemilia9.com\/es\/wp-json\/wp\/v2\/pages"}],"about":[{"href":"https:\/\/viaemilia9.com\/es\/wp-json\/wp\/v2\/types\/page"}],"author":[{"embeddable":true,"href":"https:\/\/viaemilia9.com\/es\/wp-json\/wp\/v2\/users\/1"}],"replies":[{"embeddable":true,"href":"https:\/\/viaemilia9.com\/es\/wp-json\/wp\/v2\/comments?post=3346"}],"version-history":[{"count":2,"href":"https:\/\/viaemilia9.com\/es\/wp-json\/wp\/v2\/pages\/3346\/revisions"}],"predecessor-version":[{"id":3610,"href":"https:\/\/viaemilia9.com\/es\/wp-json\/wp\/v2\/pages\/3346\/revisions\/3610"}],"wp:attachment":[{"href":"https:\/\/viaemilia9.com\/es\/wp-json\/wp\/v2\/media?parent=3346"}],"curies":[{"name":"wp","href":"https:\/\/api.w.org\/{rel}","templated":true}]}}