{"id":3246,"date":"2020-06-03T19:22:56","date_gmt":"2020-06-03T19:22:56","guid":{"rendered":"http:\/\/viaemilia9.com\/politica-de-privacidad\/"},"modified":"2024-09-08T22:31:44","modified_gmt":"2024-09-08T22:31:44","slug":"politica-de-privacidad","status":"publish","type":"page","link":"https:\/\/viaemilia9.com\/es\/politica-de-privacidad\/","title":{"rendered":"Pol\u00edtica de privacidad."},"content":{"rendered":"\t\t<div data-elementor-type=\"wp-page\" data-elementor-id=\"3246\" class=\"elementor elementor-3246 elementor-84\">\n\t\t\t\t<div class=\"elementor-element elementor-element-2e84535 e-flex e-con-boxed e-con e-parent\" data-id=\"2e84535\" data-element_type=\"container\" data-settings=\"{&quot;grandrestaurant_ext_is_background_parallax&quot;:&quot;false&quot;,&quot;grandrestaurant_ext_is_background_backdrop&quot;:&quot;false&quot;,&quot;grandrestaurant_ext_is_background_on_scroll&quot;:&quot;false&quot;,&quot;grandrestaurant_ext_link_reservation&quot;:&quot;false&quot;,&quot;grandrestaurant_ext_link_sidemenu&quot;:&quot;false&quot;,&quot;grandrestaurant_ext_link_fullmenu&quot;:&quot;false&quot;,&quot;grandrestaurant_ext_link_closed_fullmenu&quot;:&quot;false&quot;,&quot;grandrestaurant_ext_is_scrollme&quot;:&quot;false&quot;,&quot;grandrestaurant_ext_is_smoove&quot;:&quot;false&quot;,&quot;grandrestaurant_ext_is_parallax_mouse&quot;:&quot;false&quot;,&quot;grandrestaurant_ext_is_infinite&quot;:&quot;false&quot;,&quot;grandrestaurant_ext_is_fadeout_animation&quot;:&quot;false&quot;,&quot;grandrestaurant_ext_mobile_static&quot;:&quot;false&quot;}\">\n\t\t\t\t\t<div class=\"e-con-inner\">\n\t\t\t\t<div class=\"elementor-element elementor-element-d9e1cf6 elementor-widget elementor-widget-heading\" data-id=\"d9e1cf6\" data-element_type=\"widget\" data-settings=\"{&quot;grandrestaurant_ext_link_reservation&quot;:&quot;false&quot;,&quot;grandrestaurant_ext_link_sidemenu&quot;:&quot;false&quot;,&quot;grandrestaurant_ext_link_fullmenu&quot;:&quot;false&quot;,&quot;grandrestaurant_ext_link_closed_fullmenu&quot;:&quot;false&quot;,&quot;grandrestaurant_ext_is_scrollme&quot;:&quot;false&quot;,&quot;grandrestaurant_ext_is_smoove&quot;:&quot;false&quot;,&quot;grandrestaurant_ext_is_parallax_mouse&quot;:&quot;false&quot;,&quot;grandrestaurant_ext_is_infinite&quot;:&quot;false&quot;,&quot;grandrestaurant_ext_is_fadeout_animation&quot;:&quot;false&quot;,&quot;grandrestaurant_ext_mobile_static&quot;:&quot;false&quot;}\" data-widget_type=\"heading.default\">\n\t\t\t\t<div class=\"elementor-widget-container\">\n\t\t\t\t\t<h2 class=\"elementor-heading-title elementor-size-default\">Pol\u00edtica de privacidad.<\/h2>\t\t\t\t<\/div>\n\t\t\t\t<\/div>\n\t\t\t\t<div class=\"elementor-element elementor-element-ef51722 elementor-widget elementor-widget-text-editor\" data-id=\"ef51722\" data-element_type=\"widget\" data-settings=\"{&quot;grandrestaurant_ext_link_reservation&quot;:&quot;false&quot;,&quot;grandrestaurant_ext_link_sidemenu&quot;:&quot;false&quot;,&quot;grandrestaurant_ext_link_fullmenu&quot;:&quot;false&quot;,&quot;grandrestaurant_ext_link_closed_fullmenu&quot;:&quot;false&quot;,&quot;grandrestaurant_ext_is_scrollme&quot;:&quot;false&quot;,&quot;grandrestaurant_ext_is_smoove&quot;:&quot;false&quot;,&quot;grandrestaurant_ext_is_parallax_mouse&quot;:&quot;false&quot;,&quot;grandrestaurant_ext_is_infinite&quot;:&quot;false&quot;,&quot;grandrestaurant_ext_is_fadeout_animation&quot;:&quot;false&quot;,&quot;grandrestaurant_ext_mobile_static&quot;:&quot;false&quot;}\" data-widget_type=\"text-editor.default\">\n\t\t\t\t<div class=\"elementor-widget-container\">\n\t\t\t\t\t\t\t\t\t<ul>\n \t<li>Esta Pol\u00edtica de Privacidad se aplica a los sitios y aplicaciones donde aparece.<\/li>\n \t<li>Esta Pol\u00edtica describe c\u00f3mo tratamos la informaci\u00f3n personal en los sitios web donde se encuentra. Esto incluye www.viaemilia9.com. Tambi\u00e9n se aplica a nuestros sitios y aplicaciones m\u00f3viles. Al interactuar con nosotros en nuestros sitios y plataformas, usted acepta los t\u00e9rminos de esta Pol\u00edtica.  <\/li>\n \t<li>Recopilamos informaci\u00f3n de y sobre usted.<\/li>\n \t<li>Recopilamos informaci\u00f3n de contacto. Por ejemplo, podr\u00edamos recopilar su nombre y direcci\u00f3n postal si se registra en nuestro sitio. Tambi\u00e9n podemos recopilar su n\u00famero de tel\u00e9fono o direcci\u00f3n de correo electr\u00f3nico.  <\/li>\n \t<li>Recopilamos la informaci\u00f3n que usted env\u00eda o publica. Recopilamos la informaci\u00f3n que usted publica en un espacio p\u00fablico de nuestro sitio. <\/li>\n \t<li>Tambi\u00e9n recopilamos informaci\u00f3n cuando usted se comunica con nosotros.<\/li>\n \t<li>Recopilamos informaci\u00f3n demogr\u00e1fica.<\/li>\n \t<li>Podemos recopilar informaci\u00f3n como su sexo y edad. Tambi\u00e9n podemos recopilar su c\u00f3digo postal. Es posible que recopilemos esto cuando se comunique con nosotros o ingrese a una promoci\u00f3n.  <\/li>\n \t<li>Recopilamos otra informaci\u00f3n. Si utiliza nuestro sitio web, podemos recopilar informaci\u00f3n sobre su dispositivo m\u00f3vil, sistema operativo o navegador web que est\u00e9 utilizando. Podr\u00edamos ver de qu\u00e9 sitio vienes o qu\u00e9 sitio visitas cuando nos dejas. Si utiliza nuestra aplicaci\u00f3n m\u00f3vil, podemos recopilar su ubicaci\u00f3n GPS. Podr\u00edamos analizar la frecuencia con la que utiliza la aplicaci\u00f3n y d\u00f3nde la descarg\u00f3.    <\/li>\n \t<li>Recopilamos informaci\u00f3n de diferentes maneras.<\/li>\n \t<li>Recopilamos informaci\u00f3n directamente de usted. Por ejemplo, si se registra con nosotros, se registra para recibir nuestros correos electr\u00f3nicos o participa en una promoci\u00f3n. Tambi\u00e9n recopilamos informaci\u00f3n si se comunica con nosotros. Recopilamos informaci\u00f3n si env\u00eda pedidos a trav\u00e9s de nuestros sitios web o aplicaciones m\u00f3viles.   <\/li>\n \t<li>Obtenemos informaci\u00f3n sobre usted de terceros. Por ejemplo, nuestros socios comerciales pueden brindarnos informaci\u00f3n sobre usted. Las plataformas de redes sociales tambi\u00e9n pueden brindarnos informaci\u00f3n sobre usted.  <\/li>\n \t<li>Combinamos informaci\u00f3n. Por ejemplo, podemos combinar informaci\u00f3n que hemos recopilado fuera de l\u00ednea con informaci\u00f3n que recopilamos en l\u00ednea. O podemos combinar informaci\u00f3n que obtenemos de un tercero con informaci\u00f3n que ya tenemos.  <\/li>\n \t<li>Usamos la informaci\u00f3n tal como se divulga y describe aqu\u00ed.<\/li>\n \t<li>Utilizamos la informaci\u00f3n para responder a sus solicitudes o preguntas. Por ejemplo, podr\u00edamos utilizar su informaci\u00f3n para responder a los comentarios de sus clientes. Podemos utilizar su informaci\u00f3n para comunicarnos con usted acerca de sus pedidos o recompensas.  <\/li>\n \t<li>Utilizamos la informaci\u00f3n para mejorar nuestros productos y servicios. Podemos utilizar su informaci\u00f3n para mejorar nuestro sitio web y nuestros productos. Podr\u00edamos utilizar su informaci\u00f3n para personalizar su experiencia con nosotros.  <\/li>\n \t<li>Utilizamos la informaci\u00f3n con fines de seguridad. Podemos utilizar informaci\u00f3n para proteger nuestra empresa, nuestros clientes y nuestros sitios web. <\/li>\n \t<li>Utilizamos informaci\u00f3n con fines de marketing. Por ejemplo, podr\u00edamos proporcionarle informaci\u00f3n sobre nuevos productos y ofertas especiales. Tambi\u00e9n podemos utilizar su informaci\u00f3n para mostrarle anuncios sobre productos y ofertas. Es posible que le informemos sobre nuevas funciones o actualizaciones. Estas podr\u00edan ser ofertas de terceros o productos que creemos que podr\u00edan resultarle interesantes. Tambi\u00e9n podemos utilizar notificaciones autom\u00e1ticas en nuestras aplicaciones m\u00f3viles.     <\/li>\n \t<li>Usamos informaci\u00f3n para comunicarnos con usted acerca de su cuenta o nuestra relaci\u00f3n. Es posible que nos comuniquemos con usted acerca de su cuenta o comentarios. Tambi\u00e9n podemos comunicarnos con usted acerca de esta Pol\u00edtica o los T\u00e9rminos de uso de nuestro sitio web.  <\/li>\n \t<li>Usamos la informaci\u00f3n seg\u00fan lo permita la ley o como podamos notificarle.<\/li>\n \t<li>Podemos compartir informaci\u00f3n con terceros:<\/li>\n \t<li>Compartiremos informaci\u00f3n con nuestros socios comerciales. Por ejemplo, compartiremos informaci\u00f3n con terceros que copatrocinan una promoci\u00f3n. Estos socios pueden enviarle informaci\u00f3n sobre eventos y productos por correo postal o correo electr\u00f3nico.  <\/li>\n \t<li>Compartiremos informaci\u00f3n con terceros que realicen servicios en nuestro nombre. Por ejemplo, compartimos informaci\u00f3n con proveedores que env\u00edan correos electr\u00f3nicos por nosotros. Tambi\u00e9n podemos compartir informaci\u00f3n con empresas que operan nuestros sitios web o realizan una promoci\u00f3n.  <\/li>\n \t<li>Compartiremos informaci\u00f3n con terceros con fines de marketing. Por ejemplo, compartimos informaci\u00f3n con terceros, como afiliados corporativos y franquiciados, para sus fines de marketing. <\/li>\n \t<li>Compartiremos informaci\u00f3n si creemos que es necesario para cumplir con la ley o para protegernos. Por ejemplo, compartiremos informaci\u00f3n para responder a una orden judicial o citaci\u00f3n. <\/li>\n \t<li>Podemos compartirlo si una agencia gubernamental, un organismo de investigaci\u00f3n o una autoridad policial lo solicita.<\/li>\n \t<li>Podr\u00edamos compartir informaci\u00f3n cuando estemos investigando un posible fraude.<\/li>\n \t<li>Podemos compartir informaci\u00f3n con cualquier sucesor de todo o parte de nuestro negocio. Por ejemplo, si se vendi\u00f3 parte de nuestro negocio, podemos darle nuestra lista de clientes como parte de esa transacci\u00f3n. <\/li>\n \t<li>Podemos compartir informaci\u00f3n por otros motivos que podamos describirle.<\/li>\n \t<li>Tiene ciertas opciones sobre c\u00f3mo usamos su informaci\u00f3n.<\/li>\n \t<li>Puede optar por no recibir nuestros correos electr\u00f3nicos de marketing y\/o mensajes de texto. Para dejar de recibir nuestros correos electr\u00f3nicos o mensajes de texto promocionales, puede llamarnos o enviarnos una solicitud al correo electr\u00f3nico privacidad@viaemilia9.com con mensaje BAJA. <\/li>\n \t<li>Puede controlar herramientas en sus dispositivos m\u00f3viles. Por ejemplo, puedes desactivar el localizador GPS o las notificaciones push en tu tel\u00e9fono. <\/li>\n \t<li>Estos sitios y aplicaciones no est\u00e1n destinados a ni\u00f1os.<\/li>\n \t<li>Nuestros sitios y aplicaciones est\u00e1n destinados a adultos. No recopilamos intencionalmente informaci\u00f3n personal de ni\u00f1os menores de 13 a\u00f1os sin el permiso de un padre o tutor. Si eres padre o tutor legal y crees que tu hijo menor de 13 a\u00f1os nos ha proporcionado informaci\u00f3n, puedes enviarnos un correo electr\u00f3nico. Tambi\u00e9n puede escribirnos a la direcci\u00f3n que figura al final de esta Pol\u00edtica.   <\/li>\n \t<li>Usamos altas medidas de seguridad https, de todos modos, Internet no es 100% seguro. No podemos prometerle que su uso de nuestros sitios ser\u00e1 completamente seguro. Le recomendamos que tenga precauci\u00f3n al utilizar Internet. Esto incluye no compartir sus contrase\u00f1as.   <\/li>\n \t<li>Conservamos informaci\u00f3n personal mientras sea necesaria o relevante para las pr\u00e1cticas descritas en esta Pol\u00edtica. Tambi\u00e9n conservamos informaci\u00f3n seg\u00fan lo exija la ley. <\/li>\n \t<li>Almacenamos informaci\u00f3n tanto dentro como fuera de los Estados Unidos.<\/li>\n \t<li>La informaci\u00f3n que mantenemos puede almacenarse tanto dentro como fuera de los Estados Unidos. Si vive fuera de los Estados Unidos, comprende y acepta que podemos transferir su informaci\u00f3n a los Estados Unidos. Este sitio est\u00e1 sujeto a las leyes de EE. UU., que pueden no ofrecer el mismo nivel de protecci\u00f3n que las de su pa\u00eds.  <\/li>\n \t<li>Podemos vincularnos a otros sitios o aplicaciones o tener servicios de terceros en nuestras plataformas que no controlamos.<\/li>\n \t<li>Si hace clic en enlaces de terceros, ser\u00e1 redirigido a plataformas que no controlamos. Esta Pol\u00edtica no se aplica a las pr\u00e1cticas de privacidad de esas plataformas. Lea atentamente las pol\u00edticas de privacidad de otras empresas. No somos responsables de estos terceros.   <\/li>\n \t<li>Nuestro sitio tambi\u00e9n puede ofrecer contenido de terceros que contenga sus propias cookies o tecnolog\u00edas de seguimiento. Para obtener m\u00e1s informaci\u00f3n, haga clic aqu\u00ed. No controlamos el uso de esas tecnolog\u00edas.  <\/li>\n \t<li>Si tiene alguna pregunta sobre esta Pol\u00edtica o desea corregir o actualizar su informaci\u00f3n, env\u00edenos un correo electr\u00f3nico a info@viaemilia9.com o privacidad@viaemilia9.com<\/li>\n \t<li>Tambi\u00e9n puede escribirnos a: VIA EMILIA 9 LLC 1120 15 TH STREET, MIAMI BEACH, FL 33139<\/li>\n<\/ul>\n<ul>\n \t<li>Acerca de nuestros anuncios Utilizamos tecnolog\u00edas de seguimiento comunes y utilizamos tecnolog\u00edas de seguimiento por diversas razones. Utilizamos herramientas de seguimiento:<br><br><br><br><br> <\/li>\n<\/ul>\n<ol style=\"padding-left:50px; padding-top:20px; padding-bottom:20px\">\n \t<li>Reconocer clientes nuevos o pasados.<\/li>\n \t<li>Para almacenar su contrase\u00f1a si est\u00e1 registrado en nuestro sitio.<\/li>\n \t<li>Para mejorar nuestro sitio web.<\/li>\n \t<li>Para observar sus comportamientos y actividades de navegaci\u00f3n a lo largo del tiempo en m\u00faltiples sitios web u otras plataformas.<\/li>\n \t<li>Para comprender mejor los intereses de nuestros clientes y visitantes de nuestro sitio web.<\/li>\n<\/ol> Su navegador puede ofrecerle la posibilidad de controlar las cookies. La forma de hacerlo depende del tipo de cookie. Ciertos navegadores se pueden configurar para rechazar las cookies del navegador. Para controlar las cookies flash, que podemos utilizar en ciertos sitios web de vez en cuando, puede ir aqu\u00ed. \u00bfPor qu\u00e9? Porque las cookies flash no se pueden controlar a trav\u00e9s de la configuraci\u00f3n de su navegador. Nuestra pol\u00edtica de no seguimiento: algunos sitios web tienen funciones de \u201cno seguimiento\u201d que le permiten indicarle a un sitio web que no lo rastree. Estas caracter\u00edsticas no son todas uniformes. Actualmente no respondemos a esas se\u00f1ales. Si bloquea las cookies, es posible que ciertas funciones de nuestros sitios no funcionen. Si bloquea o rechaza las cookies, no se detendr\u00e1 todo el seguimiento aqu\u00ed descrito. Gracias            <br><br>\n<strong>Via Emilia 9 LLC<\/strong>\t\t\t\t\t\t\t\t<\/div>\n\t\t\t\t<\/div>\n\t\t\t\t<div class=\"elementor-element elementor-element-8a2dede elementor-widget elementor-widget-text-editor\" data-id=\"8a2dede\" data-element_type=\"widget\" data-settings=\"{&quot;grandrestaurant_ext_link_reservation&quot;:&quot;false&quot;,&quot;grandrestaurant_ext_link_sidemenu&quot;:&quot;false&quot;,&quot;grandrestaurant_ext_link_fullmenu&quot;:&quot;false&quot;,&quot;grandrestaurant_ext_link_closed_fullmenu&quot;:&quot;false&quot;,&quot;grandrestaurant_ext_is_scrollme&quot;:&quot;false&quot;,&quot;grandrestaurant_ext_is_smoove&quot;:&quot;false&quot;,&quot;grandrestaurant_ext_is_parallax_mouse&quot;:&quot;false&quot;,&quot;grandrestaurant_ext_is_infinite&quot;:&quot;false&quot;,&quot;grandrestaurant_ext_is_fadeout_animation&quot;:&quot;false&quot;,&quot;grandrestaurant_ext_mobile_static&quot;:&quot;false&quot;}\" data-widget_type=\"text-editor.default\">\n\t\t\t\t<div class=\"elementor-widget-container\">\n\t\t\t\t\t\t\t\t\t<h4>Pol\u00edtica de privacidad.<\/h4>\n<\/p>\n<p>Al completar el formulario, usted reconoce que VIA EMILIA 9 puede usar y compartir la informaci\u00f3n para responder a su consulta.<\/p>\n<p>Podemos considerar transmitir su informaci\u00f3n personal a nuestros gerentes de desarrollo, agentes, partes relacionadas, afiliados y otros terceros como parte de nuestra consideraci\u00f3n de su consulta. No le damos el derecho a ninguno de los informados anteriormente a utilizar su informaci\u00f3n personal para ning\u00fan prop\u00f3sito que no sea las consideraciones en el tema.<\/p>\n<p> <\/p>\n<p>Al enviar su informaci\u00f3n personal a este sitio, usted acepta la transferencia de su informaci\u00f3n personal a cualquier pa\u00eds y su uso y divulgaci\u00f3n de acuerdo con las leyes federales de EE. UU. y de Florida y con esta pol\u00edtica de privacidad.<\/p>\n<p>VIA EMILIA 9 opera y controla este sitio web desde los Estados Unidos de Am\u00e9rica. Las leyes de Estados Unidos y Florida rigen la pol\u00edtica de privacidad en l\u00ednea del sitio web de VIA EMILIA 9; dichas leyes pueden diferir de las leyes de privacidad de su estado federal o pa\u00eds de origen. <\/p>\n<p>Este idioma ingl\u00e9s es el idioma oficial de las pr\u00e1cticas de privacidad en l\u00ednea de VIA EMILIA 9 y prevalecer\u00e1 en caso de cualquier discrepancia entre esta pol\u00edtica de privacidad en idioma ingl\u00e9s y su traducci\u00f3n a un idioma diferente al ingl\u00e9s.<\/p>\n<p>VIA EMILIA 9 se reserva el derecho de utilizar o divulgar cualquier informaci\u00f3n seg\u00fan sea necesario para satisfacer cualquier solicitud o regulaci\u00f3n legal, cooperar en cualquier investigaci\u00f3n legal y salvaguardar la integridad del sitio web o la marca VIA EMILIA 9.<\/p>\n<p>Si tiene alguna pregunta sobre nuestra pol\u00edtica o desea editar o eliminar su informaci\u00f3n personal completada en los formularios, puede escribirnos a info@viaemilia9.com o por correo a Via Emilia 9 LLC, 1120 15th Street, Miami Beach, FL 33139 \u00a92018 ViaEmilia9.com, Todos los derechos reservados.<\/p>\n\t\t\t\t\t\t\t\t<\/div>\n\t\t\t\t<\/div>\n\t\t\t\t\t<\/div>\n\t\t\t\t<\/div>\n\t\t\t\t<\/div>\n\t\t","protected":false},"excerpt":{"rendered":"<p>Pol\u00edtica de privacidad. Esta Pol\u00edtica de Privacidad se aplica a los sitios y aplicaciones donde aparece. Esta Pol\u00edtica describe c\u00f3mo tratamos la informaci\u00f3n personal en los sitios web donde se encuentra. Esto incluye www.viaemilia9.com. Tambi\u00e9n se aplica a nuestros sitios [&hellip;]<\/p>\n","protected":false},"author":1,"featured_media":0,"parent":0,"menu_order":0,"comment_status":"closed","ping_status":"closed","template":"elementor_header_footer","meta":{"footnotes":""},"class_list":["post-3246","page","type-page","status-publish","hentry"],"aioseo_notices":[],"_links":{"self":[{"href":"https:\/\/viaemilia9.com\/es\/wp-json\/wp\/v2\/pages\/3246","targetHints":{"allow":["GET"]}}],"collection":[{"href":"https:\/\/viaemilia9.com\/es\/wp-json\/wp\/v2\/pages"}],"about":[{"href":"https:\/\/viaemilia9.com\/es\/wp-json\/wp\/v2\/types\/page"}],"author":[{"embeddable":true,"href":"https:\/\/viaemilia9.com\/es\/wp-json\/wp\/v2\/users\/1"}],"replies":[{"embeddable":true,"href":"https:\/\/viaemilia9.com\/es\/wp-json\/wp\/v2\/comments?post=3246"}],"version-history":[{"count":4,"href":"https:\/\/viaemilia9.com\/es\/wp-json\/wp\/v2\/pages\/3246\/revisions"}],"predecessor-version":[{"id":3331,"href":"https:\/\/viaemilia9.com\/es\/wp-json\/wp\/v2\/pages\/3246\/revisions\/3331"}],"wp:attachment":[{"href":"https:\/\/viaemilia9.com\/es\/wp-json\/wp\/v2\/media?parent=3246"}],"curies":[{"name":"wp","href":"https:\/\/api.w.org\/{rel}","templated":true}]}}